{"id":1911,"date":"2026-02-09T11:17:37","date_gmt":"2026-02-09T11:17:37","guid":{"rendered":"https:\/\/glassforever.com\/?post_type=product&#038;p=1911"},"modified":"2026-02-24T10:44:42","modified_gmt":"2026-02-24T10:44:42","slug":"comfortable-lid","status":"publish","type":"product","link":"https:\/\/glassforever.com\/es\/product\/comfortable-lid\/","title":{"rendered":"Tapa c\u00f3moda."},"content":{"rendered":"<p><span dir=\"auto\">El prop\u00f3sito de nuestra tapa es minimizar el riesgo de sumisi\u00f3n qu\u00edmica (adulteraci\u00f3n de bebidas) en la vida nocturna. Hacemos que sea m\u00e1s seguro ir a clubes, bares, conciertos o festivales. La tapa es desechable, respetuosa con el medio ambiente y totalmente compostable. <\/span><\/p>\n<p><span dir=\"auto\">Con esta tapa, puedes divertirte con tus amigos sin preocupaciones. Est\u00e1 fabricada con materiales biodegradables y sin micropl\u00e1sticos. \u00a1Con esta tapa, puedes brindar con confianza por una noche agradable! <\/span><\/p>\n<p><span dir=\"auto\">Sobre la tapa <\/span><\/p>\n<p><span dir=\"auto\">Seguridad: Nuestras tapas hacen que sea tanto dif\u00edcil como muy complicado introducir polvos o pastillas en su vaso ketika Anda sedang menikmati hiburan malam. <\/span><br \/>\n<span dir=\"auto\">Aprobado para uso alimentario en la UE y EE. UU.: La tapa Komfid est\u00e1 fabricada con materiales 100 % libres de sabor y olor, y est\u00e1 aprobada para el contacto con alimentos. <\/span><\/p>\n<p><span dir=\"auto\">Preparada para pajitas: Incorpora una pr\u00e1ctica abertura para pajitas. As\u00ed, usted dapat decidir por s\u00ed mismo si desea disfrutar de sus bebidas con o sin pajita. <\/span><\/p>\n<p><span dir=\"auto\">Respetuoso con el medio ambiente: Nuestra tapa es un producto desechable biodegradable dan tidak meninggalkan micropl\u00e1sticos. <\/span><br \/>\n<span dir=\"auto\">La tapa contribuye a la transici\u00f3n ecol\u00f3gica al mismo tiempo que le permite sentirse seguro. <\/span><\/p>\n<p><span dir=\"auto\">The lid fits GlassFORever &#8220;Granity47glass&#8221;<\/span><\/p>","protected":false},"excerpt":{"rendered":"<p>The purpose of our lid is to minimize drugging in the nightlife. We make it safer to go into clubs, bars, to a concert or a<span class=\"excerpt-hellip\"> [\u2026]<\/span><\/p>","protected":false},"featured_media":1912,"template":"","meta":[],"product_brand":[50],"product_cat":[56],"product_tag":[],"class_list":{"0":"post-1911","1":"product","2":"type-product","3":"status-publish","4":"has-post-thumbnail","6":"product_brand-glassforever","7":"product_cat-food-accessories","9":"first","10":"instock","11":"shipping-taxable","12":"product-type-simple"},"_links":{"self":[{"href":"https:\/\/glassforever.com\/es\/wp-json\/wp\/v2\/product\/1911","targetHints":{"allow":["GET"]}}],"collection":[{"href":"https:\/\/glassforever.com\/es\/wp-json\/wp\/v2\/product"}],"about":[{"href":"https:\/\/glassforever.com\/es\/wp-json\/wp\/v2\/types\/product"}],"wp:featuredmedia":[{"embeddable":true,"href":"https:\/\/glassforever.com\/es\/wp-json\/wp\/v2\/media\/1912"}],"wp:attachment":[{"href":"https:\/\/glassforever.com\/es\/wp-json\/wp\/v2\/media?parent=1911"}],"wp:term":[{"taxonomy":"product_brand","embeddable":true,"href":"https:\/\/glassforever.com\/es\/wp-json\/wp\/v2\/product_brand?post=1911"},{"taxonomy":"product_cat","embeddable":true,"href":"https:\/\/glassforever.com\/es\/wp-json\/wp\/v2\/product_cat?post=1911"},{"taxonomy":"product_tag","embeddable":true,"href":"https:\/\/glassforever.com\/es\/wp-json\/wp\/v2\/product_tag?post=1911"}],"curies":[{"name":"wp","href":"https:\/\/api.w.org\/{rel}","templated":true}]}}