{"id":1305,"date":"2026-01-17T07:05:06","date_gmt":"2026-01-17T07:05:06","guid":{"rendered":"https:\/\/glassforever.talentdig.id\/?page_id=1305"},"modified":"2026-03-11T12:56:47","modified_gmt":"2026-03-11T12:56:47","slug":"for-customer-satisfaction-5-year-warranty","status":"publish","type":"page","link":"https:\/\/glassforever.com\/es\/for-customer-satisfaction-5-year-warranty\/","title":{"rendered":"Para la satisfacci\u00f3n del cliente: 5 a\u00f1os de garant\u00eda."},"content":{"rendered":"<div style=\"height:100px\" aria-hidden=\"true\" class=\"wp-block-spacer\"><\/div>\n\n\n\n<p><\/p>\n\n\n\n<p><b><strong><strong><strong>En glassFORever, ofrecemos a todos los clientes una garant\u00eda de 5 a\u00f1os para los productos glassFORever.&nbsp;<\/strong><\/strong><\/strong><\/b><\/p>\n\n\n\n<p>Esto significa que si un producto se agrieta o se rompe en los primeros cinco a\u00f1os, glassFORever lo sustituir\u00e1 por uno nuevo sin coste alguno.<br>Una garant\u00eda que se refleja en los resultados finales.<\/p>\n\n\n\n<p><em>Nota: La garant\u00eda no cubre ara\u00f1azos, residuos de cal ni decoloraci\u00f3n. La garant\u00eda no se aplica a productos fabricados en SAN, cubiteras, la serie LIGHT ni productos PRIVATE LABEL, salvo que se acuerde lo contrario.<\/em><\/p>\n\n\n\n<p><a href=\"https:\/\/glassforever.com\/es\/washing-instructions-for-the-best-possible-washing-results\/\">Siga las instrucciones de lavado para obtener los mejores resultados.<\/a><\/p>\n\n\n\n<p><\/p>\n\n\n\n<div style=\"height:100px\" aria-hidden=\"true\" class=\"wp-block-spacer\"><\/div>\n\n\n\n<p><\/p>","protected":false},"excerpt":{"rendered":"<p>At glassFORever, we offer all customers a 5 year warranty on the glassFORever products.&nbsp; This means that if a product cracks or breaks within the first<span class=\"excerpt-hellip\"> [\u2026]<\/span><\/p>","protected":false},"author":1,"featured_media":0,"parent":0,"menu_order":0,"comment_status":"closed","ping_status":"closed","template":"","meta":{"footnotes":""},"class_list":["post-1305","page","type-page","status-publish","hentry"],"_links":{"self":[{"href":"https:\/\/glassforever.com\/es\/wp-json\/wp\/v2\/pages\/1305","targetHints":{"allow":["GET"]}}],"collection":[{"href":"https:\/\/glassforever.com\/es\/wp-json\/wp\/v2\/pages"}],"about":[{"href":"https:\/\/glassforever.com\/es\/wp-json\/wp\/v2\/types\/page"}],"author":[{"embeddable":true,"href":"https:\/\/glassforever.com\/es\/wp-json\/wp\/v2\/users\/1"}],"replies":[{"embeddable":true,"href":"https:\/\/glassforever.com\/es\/wp-json\/wp\/v2\/comments?post=1305"}],"version-history":[{"count":4,"href":"https:\/\/glassforever.com\/es\/wp-json\/wp\/v2\/pages\/1305\/revisions"}],"predecessor-version":[{"id":2034,"href":"https:\/\/glassforever.com\/es\/wp-json\/wp\/v2\/pages\/1305\/revisions\/2034"}],"wp:attachment":[{"href":"https:\/\/glassforever.com\/es\/wp-json\/wp\/v2\/media?parent=1305"}],"curies":[{"name":"wp","href":"https:\/\/api.w.org\/{rel}","templated":true}]}}