{"id":1294,"date":"2026-01-17T06:56:40","date_gmt":"2026-01-17T06:56:40","guid":{"rendered":"https:\/\/glassforever.talentdig.id\/?page_id=1294"},"modified":"2026-01-17T06:57:44","modified_gmt":"2026-01-17T06:57:44","slug":"strength-pays-extra-durable-material","status":"publish","type":"page","link":"https:\/\/glassforever.com\/es\/strength-pays-extra-durable-material\/","title":{"rendered":"La resistencia vale la pena: material extra duradero."},"content":{"rendered":"<div style=\"height:100px\" aria-hidden=\"true\" class=\"wp-block-spacer\"><\/div>\n\n\n\n<p><\/p>\n\n\n\n<p><b><strong><strong><strong>En glassFORever fabricamos vasos. Pero no vasos cualquiera.\u00a0<\/strong><\/strong><\/strong><\/b><\/p>\n\n\n\n<p>Mientras que los vasos normales se pueden romper y dejar fragmentos de vidrio que causan  problemas y son peligrosos para las personas, nuestros vasos de pl\u00e1stico especialmente desarrollados son 100 % irrompibles, lo que garantiza una gran sensaci\u00f3n de seguridad y protecci\u00f3n.<\/p>\n\n\n\n<p>El material es transparente como el cristal y se fabrica con una base gruesa y s\u00f3lida. Los productos han sido probados por laboratorios independientes, y cuando decimos que los vasos son irrompibles, es porque es verdad. Los productos de glassFORever no se pueden romper.<\/p>\n\n\n\n<figure class=\"wp-block-image size-full\"><img loading=\"lazy\" decoding=\"async\" width=\"700\" height=\"308\" src=\"https:\/\/glassforever.talentdig.id\/wp-content\/uploads\/2026\/01\/STYRKE-pic-DK.jpg\" alt=\"\" class=\"wp-image-1296\" srcset=\"https:\/\/glassforever.com\/wp-content\/uploads\/2026\/01\/STYRKE-pic-DK.jpg 700w, https:\/\/glassforever.com\/wp-content\/uploads\/2026\/01\/STYRKE-pic-DK-500x220.jpg 500w, https:\/\/glassforever.com\/wp-content\/uploads\/2026\/01\/STYRKE-pic-DK-300x132.jpg 300w, https:\/\/glassforever.com\/wp-content\/uploads\/2026\/01\/STYRKE-pic-DK-150x66.jpg 150w, https:\/\/glassforever.com\/wp-content\/uploads\/2026\/01\/STYRKE-pic-DK-480x211.jpg 480w\" sizes=\"auto, (max-width:767px) 480px, 700px\" \/><\/figure>\n\n\n\n<p><\/p>\n\n\n\n<div style=\"height:50px\" aria-hidden=\"true\" class=\"wp-block-spacer\"><\/div>\n\n\n\n<p><strong><strong>GLASSFOREVER RESISTI\u00d3 AL OSO NEGRO<\/strong><\/strong><\/p>\n\n\n\n<ul class=\"wp-block-list\"><\/ul>\n\n\n\n<p>\u00abLa pareja de mi hijo me compr\u00f3 cuatro copas de vino de glassFORever como regalo la pasada Navidad. Soy un amante del vino y disfruto bebi\u00e9ndolo en una copa, independientemente de d\u00f3nde me encuentre.<br>En una reciente excursi\u00f3n de acampada y kayak por el bosque, me llev\u00e9 una de mis copas de vino y, por supuesto, un poco de \u00abtinto\u00bb comprado en un tetrabrick.  Montamos el campamento y nos fuimos a hacer kayak durante un par de horas. Al regresar al campamento, vimos a un oso alej\u00e1ndose del lugar. Hab\u00edamos guardado la comida y est\u00e1bamos seguros de que el oso se hab\u00eda ido con las manos vac\u00edas.<br>M\u00e1s tarde, fui a buscar una copa de vino. Descubr\u00ed que el oso hab\u00eda encontrado y vaciado el vino que hab\u00eda dejado junto con mi copa en una bolsa de lona cerca de mi tienda de campa\u00f1a.<br>Mi vaso permanece intacto, con dos marcas de dientes a cada lado.<br>Vuestros productos resistieron al oso negro. Y ahora tengo un recuerdo de mi viaje que durar\u00e1 para siempre.<br><em>Nancy Underwood<\/em><br><em>Bothwell, Ontario, Canada \u2013 4. sep. 2017<\/em><\/p>\n\n\n\n<p><\/p>\n\n\n\n<div style=\"height:100px\" aria-hidden=\"true\" class=\"wp-block-spacer\"><\/div>\n\n\n\n<p><\/p>","protected":false},"excerpt":{"rendered":"<p>At glassFORever, we manufacture drinking glasses. But not just ordinary drinking glasses.\u00a0 Where ordinary glasses can break and leave broken glass shards which cause &nbsp;problems and<span class=\"excerpt-hellip\"> [\u2026]<\/span><\/p>","protected":false},"author":1,"featured_media":0,"parent":0,"menu_order":0,"comment_status":"closed","ping_status":"closed","template":"","meta":{"footnotes":""},"class_list":["post-1294","page","type-page","status-publish","hentry"],"_links":{"self":[{"href":"https:\/\/glassforever.com\/es\/wp-json\/wp\/v2\/pages\/1294","targetHints":{"allow":["GET"]}}],"collection":[{"href":"https:\/\/glassforever.com\/es\/wp-json\/wp\/v2\/pages"}],"about":[{"href":"https:\/\/glassforever.com\/es\/wp-json\/wp\/v2\/types\/page"}],"author":[{"embeddable":true,"href":"https:\/\/glassforever.com\/es\/wp-json\/wp\/v2\/users\/1"}],"replies":[{"embeddable":true,"href":"https:\/\/glassforever.com\/es\/wp-json\/wp\/v2\/comments?post=1294"}],"version-history":[{"count":5,"href":"https:\/\/glassforever.com\/es\/wp-json\/wp\/v2\/pages\/1294\/revisions"}],"predecessor-version":[{"id":1300,"href":"https:\/\/glassforever.com\/es\/wp-json\/wp\/v2\/pages\/1294\/revisions\/1300"}],"wp:attachment":[{"href":"https:\/\/glassforever.com\/es\/wp-json\/wp\/v2\/media?parent=1294"}],"curies":[{"name":"wp","href":"https:\/\/api.w.org\/{rel}","templated":true}]}}