{"id":1285,"date":"2026-01-17T06:50:38","date_gmt":"2026-01-17T06:50:38","guid":{"rendered":"https:\/\/glassforever.talentdig.id\/?page_id=1285"},"modified":"2026-01-17T06:52:33","modified_gmt":"2026-01-17T06:52:33","slug":"for-significant-long-term-savings","status":"publish","type":"page","link":"https:\/\/glassforever.com\/es\/for-significant-long-term-savings\/","title":{"rendered":"Para obtener ahorros significativos a largo plazo"},"content":{"rendered":"<div style=\"height:100px\" aria-hidden=\"true\" class=\"wp-block-spacer\"><\/div>\n\n\n\n<p><\/p>\n\n\n\n<p><b><strong><strong><strong>En tres a\u00f1os, utilizar los productos glassFORever supone un ahorro total del 59,4 %.<\/strong><\/strong><\/strong><\/b><\/p>\n\n\n\n<p>Los productos de glassFORever duran 20 veces m\u00e1s que los vasos normales gracias al material con el que est\u00e1n fabricados.&nbsp;<\/p>\n\n\n\n<p>Los vasos no necesitan sustituirse con tanta frecuencia, lo que supone un ahorro considerable. Si una discoteca compra 3200 vasos al inicio de su actividad, nuestra encuesta realizada a 100 discotecas muestra que, en tres a\u00f1os, es posible ahorrar un 59,4 % en la compra de vasos si se adquieren productos de glassFORever desde el principio, en lugar de productos convencionales.<\/p>\n\n\n\n<p>Esto es algo que se refleja en los resultados finales.&nbsp;<\/p>\n\n\n\n<p><em>El c\u00e1lculo abarca 100 discotecas y se basa en una discoteca media que necesita 3200 vasos al inicio de su actividad. Dado que los productos de glassFORever duran hasta 20 veces m\u00e1s que los vasos normales, la necesidad de reponer continuamente las existencias es notablemente menor. Calculado sobre tres a\u00f1os, esto equivale a un ahorro total para la discoteca del 59,4 %. El ejemplo se calcula sobre la base de los vasos glassFORever, que son totalmente comparables en t\u00e9rminos de dise\u00f1o y apariencia, y se basa en los precios de cat\u00e1logo en el momento de la encuesta.<\/em><\/p>\n\n\n\n<figure class=\"wp-block-image size-full\"><img loading=\"lazy\" decoding=\"async\" width=\"923\" height=\"409\" src=\"https:\/\/glassforever.talentdig.id\/wp-content\/uploads\/2026\/01\/Save.jpg\" alt=\"\" class=\"wp-image-1291\" srcset=\"https:\/\/glassforever.com\/wp-content\/uploads\/2026\/01\/Save.jpg 923w, https:\/\/glassforever.com\/wp-content\/uploads\/2026\/01\/Save-800x354.jpg 800w, https:\/\/glassforever.com\/wp-content\/uploads\/2026\/01\/Save-500x222.jpg 500w, https:\/\/glassforever.com\/wp-content\/uploads\/2026\/01\/Save-300x133.jpg 300w, https:\/\/glassforever.com\/wp-content\/uploads\/2026\/01\/Save-768x340.jpg 768w, https:\/\/glassforever.com\/wp-content\/uploads\/2026\/01\/Save-150x66.jpg 150w, https:\/\/glassforever.com\/wp-content\/uploads\/2026\/01\/Save-480x213.jpg 480w\" sizes=\"auto, (max-width:767px) 480px, (max-width:923px) 100vw, 923px\" \/><\/figure>\n\n\n\n<p>Un hospital en Dinamarca consume aproximadamente 2,85 millones de tazas y vasos desechables entre pacientes y personal. El coste anual es de alrededor de 175 000 euros.<br>En el an\u00e1lisis de sensibilidad, el personal utiliza su taza reutilizable tres veces antes de lavarla. Como resultado, habr\u00e1 muchos menos lavados, lo que se refleja claramente en la econom\u00eda. En este escenario, las tazas, vasos y copas reutilizables ya son competitivos. No recomendamos los biopl\u00e1sticos y no los utilizamos en nuestra producci\u00f3n ni en nuestros productos.<\/p>\n\n\n\n<p><\/p>\n\n\n\n<div style=\"height:100px\" aria-hidden=\"true\" class=\"wp-block-spacer\"><\/div>\n\n\n\n<p><\/p>","protected":false},"excerpt":{"rendered":"<p>Over three years, having glassFORever products equates to total savings of 59.4% Products from glassFORever last 20 times longer than ordinary glasses because of the material.&nbsp;<span class=\"excerpt-hellip\"> [\u2026]<\/span><\/p>","protected":false},"author":1,"featured_media":0,"parent":0,"menu_order":0,"comment_status":"closed","ping_status":"closed","template":"","meta":{"footnotes":""},"class_list":["post-1285","page","type-page","status-publish","hentry"],"_links":{"self":[{"href":"https:\/\/glassforever.com\/es\/wp-json\/wp\/v2\/pages\/1285","targetHints":{"allow":["GET"]}}],"collection":[{"href":"https:\/\/glassforever.com\/es\/wp-json\/wp\/v2\/pages"}],"about":[{"href":"https:\/\/glassforever.com\/es\/wp-json\/wp\/v2\/types\/page"}],"author":[{"embeddable":true,"href":"https:\/\/glassforever.com\/es\/wp-json\/wp\/v2\/users\/1"}],"replies":[{"embeddable":true,"href":"https:\/\/glassforever.com\/es\/wp-json\/wp\/v2\/comments?post=1285"}],"version-history":[{"count":4,"href":"https:\/\/glassforever.com\/es\/wp-json\/wp\/v2\/pages\/1285\/revisions"}],"predecessor-version":[{"id":1292,"href":"https:\/\/glassforever.com\/es\/wp-json\/wp\/v2\/pages\/1285\/revisions\/1292"}],"wp:attachment":[{"href":"https:\/\/glassforever.com\/es\/wp-json\/wp\/v2\/media?parent=1285"}],"curies":[{"name":"wp","href":"https:\/\/api.w.org\/{rel}","templated":true}]}}