{"id":1280,"date":"2026-01-17T06:46:20","date_gmt":"2026-01-17T06:46:20","guid":{"rendered":"https:\/\/glassforever.talentdig.id\/?page_id=1280"},"modified":"2026-01-17T06:46:21","modified_gmt":"2026-01-17T06:46:21","slug":"bioplastics","status":"publish","type":"page","link":"https:\/\/glassforever.com\/es\/bioplastics\/","title":{"rendered":"Biopl\u00e1sticos"},"content":{"rendered":"<div style=\"height:100px\" aria-hidden=\"true\" class=\"wp-block-spacer\"><\/div>\n\n\n\n<p><\/p>\n\n\n\n<p><b><strong><strong>Los biopl\u00e1sticos pueden parecer una buena idea, pero en realidad son un problema medioambiental.<\/strong><\/strong><\/b><\/p>\n\n\n\n<figure class=\"wp-block-image size-full\"><img loading=\"lazy\" decoding=\"async\" width=\"606\" height=\"432\" src=\"https:\/\/glassforever.talentdig.id\/wp-content\/uploads\/2026\/01\/A-shot_LO.jpg\" alt=\"\" class=\"wp-image-1282\" srcset=\"https:\/\/glassforever.com\/wp-content\/uploads\/2026\/01\/A-shot_LO.jpg 606w, https:\/\/glassforever.com\/wp-content\/uploads\/2026\/01\/A-shot_LO-500x356.jpg 500w, https:\/\/glassforever.com\/wp-content\/uploads\/2026\/01\/A-shot_LO-300x214.jpg 300w, https:\/\/glassforever.com\/wp-content\/uploads\/2026\/01\/A-shot_LO-105x75.jpg 105w, https:\/\/glassforever.com\/wp-content\/uploads\/2026\/01\/A-shot_LO-480x342.jpg 480w\" sizes=\"auto, (max-width:767px) 480px, 606px\" \/><\/figure>\n\n\n\n<p>El debate sobre los productos biopl\u00e1sticos como alternativa a los pl\u00e1sticos f\u00f3siles a\u00fan se encuentra en una fase muy temprana. El uso de biomasa en los pl\u00e1sticos solo representa un beneficio para el clima si se presta especial atenci\u00f3n a la biodegradabilidad, la gesti\u00f3n de residuos y la sostenibilidad en general. En la actualidad, esta atenci\u00f3n no es la ideal, lo que convierte a los biopl\u00e1sticos en un problema medioambiental por s\u00ed mismos. \u00bfY qu\u00e9 significa eso?<\/p>\n\n\n\n<p><strong>El problema de los biopl\u00e1sticos:<\/strong><\/p>\n\n\n\n<ul class=\"wp-block-list\">\n<li>El pl\u00e1stico biodegradable solo se puede degradar en condiciones muy especiales y no se puede reciclar. Por lo tanto, acaba siendo incinerado.<\/li>\n\n\n\n<li>A\u00fan no se ha establecido un sistema para clasificar y comercializar los pl\u00e1sticos biodegradables. La incineraci\u00f3n sigue siendo la soluci\u00f3n m\u00e1s utilizada para la eliminaci\u00f3n de residuos.<\/li>\n\n\n\n<li>Los biopl\u00e1sticos son perjudiciales para la transici\u00f3n hacia el pl\u00e1stico ecol\u00f3gico: en la producci\u00f3n de biopl\u00e1sticos se utiliza una cantidad significativa de combustibles f\u00f3siles, por ejemplo, en la extracci\u00f3n de materias primas y en el proceso de fabricaci\u00f3n. Adem\u00e1s, la producci\u00f3n de nuevos biopl\u00e1sticos puede contribuir al aumento de los monocultivos, la sequ\u00eda y el uso de pesticidas que da\u00f1an la naturaleza y los ecosistemas.<\/li>\n\n\n\n<li>\u00abBiodegradable\u00bb, \u00abcompostable\u00bb o \u00abbiopl\u00e1stico\u00bb: \u00bfc\u00f3mo clasificar\u00eda los residuos con estas etiquetas? Si est\u00e1 confundido, no es el \u00fanico. Averiguar c\u00f3mo clasificar correctamente los biopl\u00e1sticos es una pesadilla en s\u00ed misma, ya que una clasificaci\u00f3n inadecuada socava todo el concepto de reciclaje.<\/li>\n<\/ul>\n\n\n\n<p>En glassFORever, nos centramos en reutilizar, recoger y reciclar el pl\u00e1stico en lugar de dejar que la naturaleza lo fabrique o intente descomponerlo. Por lo tanto, no recomendamos los biopl\u00e1sticos y no los utilizamos en nuestra producci\u00f3n ni en nuestros productos.<\/p>\n\n\n\n<p><\/p>\n\n\n\n<div style=\"height:100px\" aria-hidden=\"true\" class=\"wp-block-spacer\"><\/div>\n\n\n\n<p><\/p>","protected":false},"excerpt":{"rendered":"<p>Bioplastics may sound good, but are in fact an environmental problem The debate regarding bioplastic products as an alternative to fossil plastics is still in in<span class=\"excerpt-hellip\"> [\u2026]<\/span><\/p>","protected":false},"author":1,"featured_media":0,"parent":0,"menu_order":0,"comment_status":"closed","ping_status":"closed","template":"","meta":{"footnotes":""},"class_list":["post-1280","page","type-page","status-publish","hentry"],"_links":{"self":[{"href":"https:\/\/glassforever.com\/es\/wp-json\/wp\/v2\/pages\/1280","targetHints":{"allow":["GET"]}}],"collection":[{"href":"https:\/\/glassforever.com\/es\/wp-json\/wp\/v2\/pages"}],"about":[{"href":"https:\/\/glassforever.com\/es\/wp-json\/wp\/v2\/types\/page"}],"author":[{"embeddable":true,"href":"https:\/\/glassforever.com\/es\/wp-json\/wp\/v2\/users\/1"}],"replies":[{"embeddable":true,"href":"https:\/\/glassforever.com\/es\/wp-json\/wp\/v2\/comments?post=1280"}],"version-history":[{"count":2,"href":"https:\/\/glassforever.com\/es\/wp-json\/wp\/v2\/pages\/1280\/revisions"}],"predecessor-version":[{"id":1283,"href":"https:\/\/glassforever.com\/es\/wp-json\/wp\/v2\/pages\/1280\/revisions\/1283"}],"wp:attachment":[{"href":"https:\/\/glassforever.com\/es\/wp-json\/wp\/v2\/media?parent=1280"}],"curies":[{"name":"wp","href":"https:\/\/api.w.org\/{rel}","templated":true}]}}