{"id":1270,"date":"2026-01-15T11:53:15","date_gmt":"2026-01-15T11:53:15","guid":{"rendered":"https:\/\/glassforever.talentdig.id\/?page_id=1270"},"modified":"2026-01-15T12:05:09","modified_gmt":"2026-01-15T12:05:09","slug":"for-the-environment-the-recycling-system","status":"publish","type":"page","link":"https:\/\/glassforever.com\/es\/for-the-environment-the-recycling-system\/","title":{"rendered":"Por el medio ambiente: el sistema de reciclaje"},"content":{"rendered":"<div style=\"height:100px\" aria-hidden=\"true\" class=\"wp-block-spacer\"><\/div>\n\n\n\n<p><\/p>\n\n\n\n<p><b><strong>SISTEMA DE RECICLAJE glassFORever<\/strong><\/b><\/p>\n\n\n\n<p><br><strong>Forever glass<\/strong><br><\/p>\n\n\n\n<p>Cuando hayas utilizado tus productos glassFORever durante a\u00f1os y est\u00e9n demasiado desgastados, no los tires a la basura. En su lugar, los recogemos y los enviamos a nuestra f\u00e1brica danesa, donde se trituran y se convierten en nuevos productos respetuosos con el medio ambiente. Ese es nuestro sistema de reciclaje. Imagina un mundo en el que los recursos no se extrajeran para tirarlos despu\u00e9s de su uso, sino que formaran parte de un ciclo en el que no existieran los residuos. Hoy en d\u00eda estamos lejos de un mundo sin residuos. Pero con las medidas adecuadas, podemos ahorrar a la naturaleza importantes recursos y acercarnos un poco m\u00e1s a una econom\u00eda circular con recursos en \u00f3rbita.<\/p>\n\n\n\n<p>Se trata de hacer las cosas de una forma nueva. Una de las soluciones es prolongar la vida \u00fatil de los productos mediante la reutilizaci\u00f3n, el uso de productos irrompibles con una larga vida \u00fatil y el reciclaje. De esta manera, consumimos menos materias primas naturales y evitamos la necesidad de incineraci\u00f3n destructiva o vasos y tazas rotos. Por esta raz\u00f3n, hemos creado glassFORever, que es la alternativa de la comunidad empresarial a los vasos y tazas. Reciclamos el pl\u00e1stico para que la naturaleza no sufra, lo llamamos el<\/p>\n\n\n\n<p><strong>Cuando su producto est\u00e9 bien usado y listo para ser reemplazado, usted puede:<\/strong><\/p>\n\n\n\n<ul class=\"wp-block-list\">\n<li>Los productos deben embalarse en cajas y colocarse en un pal\u00e9.<\/li>\n\n\n\n<li>Programa una recogida gratuita. Ponte en contacto con tu distribuidor o escribe a&nbsp;<a href=\"mailto:mail@glassforever.com\">mail@glassforever.com<\/a><\/li>\n\n\n\n<li>M\u00ednimo 1500 productos<\/li>\n<\/ul>\n\n\n\n<p>Ofrecemos recogida gratuita cuando se realiza un nuevo pedido. Puede realizar su pedido a trav\u00e9s de su distribuidor habitual.<br><strong>Si tiene menos de 1500 gafas que desea devolver.<\/strong><br>Los productos GlassFORever pueden depositarse en su centro de reciclaje local, en la secci\u00f3n de clasificaci\u00f3n de pl\u00e1sticos. Desde all\u00ed, los productos tambi\u00e9n se reciclar\u00e1n para convertirlos en nuevos productos.<\/p>\n\n\n\n<p>Gracias por cuidar el medio ambiente.<\/p>\n\n\n\n<p><\/p>\n\n\n\n<div style=\"height:100px\" aria-hidden=\"true\" class=\"wp-block-spacer\"><\/div>\n\n\n\n<p><\/p>","protected":false},"excerpt":{"rendered":"<p>glassFORever RECYCLING SYSTEM Forever glass When you&#8217;ve been using your glassFORever products for years and they&#8217;ve become too worn, they shouldn&#8217;t go in the trash. Instead,<span class=\"excerpt-hellip\"> [\u2026]<\/span><\/p>","protected":false},"author":1,"featured_media":0,"parent":0,"menu_order":0,"comment_status":"closed","ping_status":"closed","template":"","meta":{"footnotes":""},"class_list":["post-1270","page","type-page","status-publish","hentry"],"_links":{"self":[{"href":"https:\/\/glassforever.com\/es\/wp-json\/wp\/v2\/pages\/1270","targetHints":{"allow":["GET"]}}],"collection":[{"href":"https:\/\/glassforever.com\/es\/wp-json\/wp\/v2\/pages"}],"about":[{"href":"https:\/\/glassforever.com\/es\/wp-json\/wp\/v2\/types\/page"}],"author":[{"embeddable":true,"href":"https:\/\/glassforever.com\/es\/wp-json\/wp\/v2\/users\/1"}],"replies":[{"embeddable":true,"href":"https:\/\/glassforever.com\/es\/wp-json\/wp\/v2\/comments?post=1270"}],"version-history":[{"count":5,"href":"https:\/\/glassforever.com\/es\/wp-json\/wp\/v2\/pages\/1270\/revisions"}],"predecessor-version":[{"id":1277,"href":"https:\/\/glassforever.com\/es\/wp-json\/wp\/v2\/pages\/1270\/revisions\/1277"}],"wp:attachment":[{"href":"https:\/\/glassforever.com\/es\/wp-json\/wp\/v2\/media?parent=1270"}],"curies":[{"name":"wp","href":"https:\/\/api.w.org\/{rel}","templated":true}]}}