{"id":1911,"date":"2026-02-09T11:17:37","date_gmt":"2026-02-09T11:17:37","guid":{"rendered":"https:\/\/glassforever.com\/?post_type=product&#038;p=1911"},"modified":"2026-02-24T10:44:42","modified_gmt":"2026-02-24T10:44:42","slug":"comfortable-lid","status":"publish","type":"product","link":"https:\/\/glassforever.com\/dk\/vare\/comfortable-lid\/","title":{"rendered":"Komfortabelt l\u00e5g."},"content":{"rendered":"<p><span dir=\"auto\">Form\u00e5let med vores l\u00e5g er at minimere risikoen for drugging i nattelivet. Vi g\u00f8r det mere sikkert at g\u00e5 p\u00e5 klubber, barer, til koncerter eller festivaler. L\u00e5get er et engangsl\u00e5g, der er milj\u00f8venligt og fuldt komposterbart. <\/span><\/p>\n<p><span dir=\"auto\">Med dette l\u00e5g kan du have det sjovt med dine venner uden bekymringer. Det er fremstillet af bionedbrydelige materialer og uden mikroplast. Med l\u00e5get kan du trygt sk\u00e5le for en hyggelig aften! <\/span><\/p>\n<p><span dir=\"auto\">Om l\u00e5get <\/span><\/p>\n<p><span dir=\"auto\">Sikkerhed: Vores l\u00e5g g\u00f8r det b\u00e5de sv\u00e6rt og meget besv\u00e6rligt at putte pulver eller piller i dit glas, n\u00e5r du er ude i byen. <\/span><br \/>\n<span dir=\"auto\">F\u00f8devaregodkendt i EU og USA: Komfid-l\u00e5get er fremstillet af materialer, der er 100 % smags- og lugtfrie, og det er godkendt til kontakt med f\u00f8devarer. <\/span><\/p>\n<p><span dir=\"auto\">Forberedt til suger\u00f8r: Der er integreret en praktisk \u00e5bning til suger\u00f8r. Dermed kan du selv bestemme, om du vil nyde dine drikkevarer med eller uden suger\u00f8r. <\/span><\/p>\n<p><span dir=\"auto\">Milj\u00f8venligt: Vores l\u00e5g er et bionedbrydeligt engangsprodukt og efterlader ingen mikroplast. <\/span><br \/>\n<span dir=\"auto\">L\u00e5get bidrager til den gr\u00f8nne omstilling, samtidig med at du kan f\u00f8le dig tryg. <\/span><\/p>\n<p><span dir=\"auto\">The lid fits GlassFORever &#8220;Granity47glass&#8221;<\/span><\/p>","protected":false},"excerpt":{"rendered":"<p>The purpose of our lid is to minimize drugging in the nightlife. We make it safer to go into clubs, bars, to a concert or a<span class=\"excerpt-hellip\"> [\u2026]<\/span><\/p>","protected":false},"featured_media":1912,"template":"","meta":[],"product_brand":[50],"product_cat":[56],"product_tag":[],"class_list":{"0":"post-1911","1":"product","2":"type-product","3":"status-publish","4":"has-post-thumbnail","6":"product_brand-glassforever","7":"product_cat-food-accessories","9":"first","10":"instock","11":"shipping-taxable","12":"product-type-simple"},"_links":{"self":[{"href":"https:\/\/glassforever.com\/dk\/wp-json\/wp\/v2\/product\/1911","targetHints":{"allow":["GET"]}}],"collection":[{"href":"https:\/\/glassforever.com\/dk\/wp-json\/wp\/v2\/product"}],"about":[{"href":"https:\/\/glassforever.com\/dk\/wp-json\/wp\/v2\/types\/product"}],"wp:featuredmedia":[{"embeddable":true,"href":"https:\/\/glassforever.com\/dk\/wp-json\/wp\/v2\/media\/1912"}],"wp:attachment":[{"href":"https:\/\/glassforever.com\/dk\/wp-json\/wp\/v2\/media?parent=1911"}],"wp:term":[{"taxonomy":"product_brand","embeddable":true,"href":"https:\/\/glassforever.com\/dk\/wp-json\/wp\/v2\/product_brand?post=1911"},{"taxonomy":"product_cat","embeddable":true,"href":"https:\/\/glassforever.com\/dk\/wp-json\/wp\/v2\/product_cat?post=1911"},{"taxonomy":"product_tag","embeddable":true,"href":"https:\/\/glassforever.com\/dk\/wp-json\/wp\/v2\/product_tag?post=1911"}],"curies":[{"name":"wp","href":"https:\/\/api.w.org\/{rel}","templated":true}]}}