{"id":1305,"date":"2026-01-17T07:05:06","date_gmt":"2026-01-17T07:05:06","guid":{"rendered":"https:\/\/glassforever.talentdig.id\/?page_id=1305"},"modified":"2026-03-11T12:56:47","modified_gmt":"2026-03-11T12:56:47","slug":"for-customer-satisfaction-5-year-warranty","status":"publish","type":"page","link":"https:\/\/glassforever.com\/dk\/for-customer-satisfaction-5-year-warranty\/","title":{"rendered":"For vores kunders tilfredshed - 5 \u00e5rs garanti"},"content":{"rendered":"<div style=\"height:100px\" aria-hidden=\"true\" class=\"wp-block-spacer\"><\/div>\n\n\n\n<p><\/p>\n\n\n\n<p><b><strong><strong><strong>Hos glassFORever tilbyder vi alle kunder 5 \u00e5rs garanti p\u00e5 glassFORever-produkterne.&nbsp;<\/strong><\/strong><\/strong><\/b><\/p>\n\n\n\n<p>Det betyder, at hvis et produkt revner eller g\u00e5r i stykker inden for de f\u00f8rste fem \u00e5r, erstatter glassFORever dit produkt med et nyt uden beregning.<br>En garanti, der viser sig p\u00e5 bundlinjen.<\/p>\n\n\n\n<p><em>Bem\u00e6rk: Garantien d\u00e6kker ikke ridser, kalkrester eller misfarvning. Garantien g\u00e6lder ikke for produkter fremstillet af SAN, isspanden, LIGHT-serien eller PRIVATE LABEL-produkter, medmindre andet er aftalt.<\/em><\/p>\n\n\n\n<p><a href=\"https:\/\/glassforever.com\/dk\/washing-instructions-for-the-best-possible-washing-results\/\">F\u00f8lg vaskeanvisningen for at opn\u00e5 det bedste resultat.<\/a><\/p>\n\n\n\n<p><\/p>\n\n\n\n<div style=\"height:100px\" aria-hidden=\"true\" class=\"wp-block-spacer\"><\/div>\n\n\n\n<p><\/p>","protected":false},"excerpt":{"rendered":"<p>At glassFORever, we offer all customers a 5 year warranty on the glassFORever products.&nbsp; This means that if a product cracks or breaks within the first<span class=\"excerpt-hellip\"> [\u2026]<\/span><\/p>","protected":false},"author":1,"featured_media":0,"parent":0,"menu_order":0,"comment_status":"closed","ping_status":"closed","template":"","meta":{"footnotes":""},"class_list":["post-1305","page","type-page","status-publish","hentry"],"_links":{"self":[{"href":"https:\/\/glassforever.com\/dk\/wp-json\/wp\/v2\/pages\/1305","targetHints":{"allow":["GET"]}}],"collection":[{"href":"https:\/\/glassforever.com\/dk\/wp-json\/wp\/v2\/pages"}],"about":[{"href":"https:\/\/glassforever.com\/dk\/wp-json\/wp\/v2\/types\/page"}],"author":[{"embeddable":true,"href":"https:\/\/glassforever.com\/dk\/wp-json\/wp\/v2\/users\/1"}],"replies":[{"embeddable":true,"href":"https:\/\/glassforever.com\/dk\/wp-json\/wp\/v2\/comments?post=1305"}],"version-history":[{"count":4,"href":"https:\/\/glassforever.com\/dk\/wp-json\/wp\/v2\/pages\/1305\/revisions"}],"predecessor-version":[{"id":2034,"href":"https:\/\/glassforever.com\/dk\/wp-json\/wp\/v2\/pages\/1305\/revisions\/2034"}],"wp:attachment":[{"href":"https:\/\/glassforever.com\/dk\/wp-json\/wp\/v2\/media?parent=1305"}],"curies":[{"name":"wp","href":"https:\/\/api.w.org\/{rel}","templated":true}]}}