{"id":1301,"date":"2026-01-17T07:01:34","date_gmt":"2026-01-17T07:01:34","guid":{"rendered":"https:\/\/glassforever.talentdig.id\/?page_id=1301"},"modified":"2026-01-17T07:01:35","modified_gmt":"2026-01-17T07:01:35","slug":"for-a-healthier-and-lighter-working-environment","status":"publish","type":"page","link":"https:\/\/glassforever.com\/dk\/for-a-healthier-and-lighter-working-environment\/","title":{"rendered":"For et sundere og lettere arbejdsmilj\u00f8"},"content":{"rendered":"<div style=\"height:100px\" aria-hidden=\"true\" class=\"wp-block-spacer\"><\/div>\n\n\n\n<p><\/p>\n\n\n\n<p><b><strong><strong><strong>En af de st\u00f8rste fordele ved at bruge vores produkter er, at de ikke vejer s\u00e5 meget som  almindelige produkter.\u00a0\u00a0<\/strong><\/strong><\/strong><\/b><\/p>\n\n\n\n<p>En opvaskemaskinebakke fyldt med almindelige glas kan let veje 11-13 kg, mens en bakke med glassFORever-produkter kun vejer 4,5 kg. Med andre ord vejer glassene 66 % mindre!&nbsp;<strong><\/strong><\/p>\n\n\n\n<p>Produkterne kan derfor have en betydelig og positiv indvirkning p\u00e5 arbejdsmilj\u00f8et i k\u00f8kkener, kantiner, barer og andre steder, hvor personalet h\u00e5ndterer glas hver dag. At l\u00f8fte, tr\u00e6kke og skubbe tunge genstande og vaske bakker er en hyppig \u00e5rsag til arbejdsskader og dermed sygefrav\u00e6r, men risikoen for dette reduceres markant, n\u00e5r man bruger glassFORever-produkter. Anskaffelse af vores specialfremstillede plastglas har en positiv indvirkning p\u00e5 personalets sygefrav\u00e6r og dermed ogs\u00e5 p\u00e5 din bundlinje.<\/p>\n\n\n\n<figure class=\"wp-block-image size-full\"><img loading=\"lazy\" decoding=\"async\" width=\"923\" height=\"578\" src=\"https:\/\/glassforever.talentdig.id\/wp-content\/uploads\/2026\/01\/Lift.jpg\" alt=\"\" class=\"wp-image-1303\" srcset=\"https:\/\/glassforever.com\/wp-content\/uploads\/2026\/01\/Lift.jpg 923w, https:\/\/glassforever.com\/wp-content\/uploads\/2026\/01\/Lift-800x501.jpg 800w, https:\/\/glassforever.com\/wp-content\/uploads\/2026\/01\/Lift-500x313.jpg 500w, https:\/\/glassforever.com\/wp-content\/uploads\/2026\/01\/Lift-300x188.jpg 300w, https:\/\/glassforever.com\/wp-content\/uploads\/2026\/01\/Lift-768x481.jpg 768w, https:\/\/glassforever.com\/wp-content\/uploads\/2026\/01\/Lift-120x75.jpg 120w, https:\/\/glassforever.com\/wp-content\/uploads\/2026\/01\/Lift-480x301.jpg 480w\" sizes=\"auto, (max-width:767px) 480px, (max-width:923px) 100vw, 923px\" \/><\/figure>\n\n\n\n<p><\/p>\n\n\n\n<p><strong><em><strong>Uddrag og konklusion fra Milj\u00f8- og F\u00f8devareministeriet, Pris for cirkul\u00e6rt indk\u00f8b \u2013 juni 2020, Arbejdsmilj\u00f8, side 115<\/strong><\/em><\/strong><\/p>\n\n\n\n<p><em>N\u00e5r man beslutter sig for at bruge porcel\u00e6nskopper, skal man tage h\u00f8jde for arbejdsbyrden ved at l\u00f8fte opvaskebakker fra vogne til opvaskemaskinen og tilbage igen samt flere t\u00f8mninger af Miele-opvaskemaskiner. Der skal n\u00f8dvendigvis v\u00e6re flere hylder i de vogne, der skal transportere opvaskebakkerne rundt, og derfor mange l\u00f8ft og b\u00f8jninger med tunge opvaskebakker fyldt med porcel\u00e6nskopper. K\u00f8kkenbordene i opvaskek\u00f8kkenerne har ikke en h\u00e6ve- og s\u00e6nkefunktion, hvilket er en foruds\u00e6tning for mere opvask. Det er allerede en arbejdsmilj\u00f8udfordring, der er blevet p\u00e5talt af APV.<\/em><\/p>\n\n\n\n<p><\/p>\n\n\n\n<div style=\"height:100px\" aria-hidden=\"true\" class=\"wp-block-spacer\"><\/div>\n\n\n\n<p><\/p>","protected":false},"excerpt":{"rendered":"<p>One of the biggest advantages of using our products is that they do not weigh as much as \u00a0ordinary products.\u00a0\u00a0 A dishwasher tray filled with ordinary<span class=\"excerpt-hellip\"> [\u2026]<\/span><\/p>","protected":false},"author":1,"featured_media":0,"parent":0,"menu_order":0,"comment_status":"closed","ping_status":"closed","template":"","meta":{"footnotes":""},"class_list":["post-1301","page","type-page","status-publish","hentry"],"_links":{"self":[{"href":"https:\/\/glassforever.com\/dk\/wp-json\/wp\/v2\/pages\/1301","targetHints":{"allow":["GET"]}}],"collection":[{"href":"https:\/\/glassforever.com\/dk\/wp-json\/wp\/v2\/pages"}],"about":[{"href":"https:\/\/glassforever.com\/dk\/wp-json\/wp\/v2\/types\/page"}],"author":[{"embeddable":true,"href":"https:\/\/glassforever.com\/dk\/wp-json\/wp\/v2\/users\/1"}],"replies":[{"embeddable":true,"href":"https:\/\/glassforever.com\/dk\/wp-json\/wp\/v2\/comments?post=1301"}],"version-history":[{"count":2,"href":"https:\/\/glassforever.com\/dk\/wp-json\/wp\/v2\/pages\/1301\/revisions"}],"predecessor-version":[{"id":1304,"href":"https:\/\/glassforever.com\/dk\/wp-json\/wp\/v2\/pages\/1301\/revisions\/1304"}],"wp:attachment":[{"href":"https:\/\/glassforever.com\/dk\/wp-json\/wp\/v2\/media?parent=1301"}],"curies":[{"name":"wp","href":"https:\/\/api.w.org\/{rel}","templated":true}]}}