{"id":1285,"date":"2026-01-17T06:50:38","date_gmt":"2026-01-17T06:50:38","guid":{"rendered":"https:\/\/glassforever.talentdig.id\/?page_id=1285"},"modified":"2026-01-17T06:52:33","modified_gmt":"2026-01-17T06:52:33","slug":"for-significant-long-term-savings","status":"publish","type":"page","link":"https:\/\/glassforever.com\/dk\/for-significant-long-term-savings\/","title":{"rendered":"For store besparelser over tid"},"content":{"rendered":"<div style=\"height:100px\" aria-hidden=\"true\" class=\"wp-block-spacer\"><\/div>\n\n\n\n<p><\/p>\n\n\n\n<p><b><strong><strong><strong>Over en periode p\u00e5 tre \u00e5r svarer brugen af glassFORever-produkter til en samlet besparelse p\u00e5 59,4 %.<\/strong><\/strong><\/strong><\/b><\/p>\n\n\n\n<p>Produkter fra glassFORever holder 20 gange l\u00e6ngere end almindelige briller p\u00e5 grund af materialet.&nbsp;<\/p>\n\n\n\n<p>Glassene beh\u00f8ver ikke udskiftes s\u00e5 ofte, hvilket medf\u00f8rer betydelige besparelser. Hvis en natklub k\u00f8ber 3.200 glas ved opstart, viser vores unders\u00f8gelse af 100 natklubber, at det over en periode p\u00e5 tre \u00e5r er muligt at spare 59,4 % p\u00e5 glasindk\u00f8b ved at k\u00f8be produkter fra glassFORever fra starten i stedet for at k\u00f8be konventionelle produkter.<\/p>\n\n\n\n<p>Det er noget, der viser sig p\u00e5 bundlinjen.&nbsp;<\/p>\n\n\n\n<p><em>Beregningen omfatter 100 natklubber og er baseret p\u00e5 en gennemsnitlig natklub, der har brug for 3.200 glas ved opstart. Da produkterne fra glassFORever holder op til 20 gange l\u00e6ngere end almindelige glas, er behovet for l\u00f8bende at udskifte lageret markant lavere. Beregnet over tre \u00e5r svarer det til en samlet besparelse for natklubben p\u00e5 59,4 %. Eksemplet er beregnet p\u00e5 basis af glassFORever-glas, som er fuldst\u00e6ndig sammenlignelige med hensyn til design og udseende, og baseret p\u00e5 listepriserne p\u00e5 tidspunktet for unders\u00f8gelsen.<\/em><\/p>\n\n\n\n<figure class=\"wp-block-image size-full\"><img loading=\"lazy\" decoding=\"async\" width=\"923\" height=\"409\" src=\"https:\/\/glassforever.talentdig.id\/wp-content\/uploads\/2026\/01\/Save.jpg\" alt=\"\" class=\"wp-image-1291\" srcset=\"https:\/\/glassforever.com\/wp-content\/uploads\/2026\/01\/Save.jpg 923w, https:\/\/glassforever.com\/wp-content\/uploads\/2026\/01\/Save-800x354.jpg 800w, https:\/\/glassforever.com\/wp-content\/uploads\/2026\/01\/Save-500x222.jpg 500w, https:\/\/glassforever.com\/wp-content\/uploads\/2026\/01\/Save-300x133.jpg 300w, https:\/\/glassforever.com\/wp-content\/uploads\/2026\/01\/Save-768x340.jpg 768w, https:\/\/glassforever.com\/wp-content\/uploads\/2026\/01\/Save-150x66.jpg 150w, https:\/\/glassforever.com\/wp-content\/uploads\/2026\/01\/Save-480x213.jpg 480w\" sizes=\"auto, (max-width:767px) 480px, (max-width:923px) 100vw, 923px\" \/><\/figure>\n\n\n\n<p>A hospital in Denmark consumes approx. 2.85 million disposable mugs and glasses among patients and staff. Annual cost is around 175.000 EUR.<br>I f\u00f8lsomhedsanalysen bruger personalet deres genanvendelige krus tre gange, f\u00f8r de vasker det. Det betyder, at der bliver langt f\u00e6rre vaske, hvilket tydeligt kan ses i \u00f8konomien. I dette scenario er genanvendelige krus, kopper og glas allerede konkurrencedygtige. Vi anbefaler ikke bioplast og bruger det ikke i vores produktion eller produkter.<\/p>\n\n\n\n<p><\/p>\n\n\n\n<div style=\"height:100px\" aria-hidden=\"true\" class=\"wp-block-spacer\"><\/div>\n\n\n\n<p><\/p>","protected":false},"excerpt":{"rendered":"<p>Over three years, having glassFORever products equates to total savings of 59.4% Products from glassFORever last 20 times longer than ordinary glasses because of the material.&nbsp;<span class=\"excerpt-hellip\"> [\u2026]<\/span><\/p>","protected":false},"author":1,"featured_media":0,"parent":0,"menu_order":0,"comment_status":"closed","ping_status":"closed","template":"","meta":{"footnotes":""},"class_list":["post-1285","page","type-page","status-publish","hentry"],"_links":{"self":[{"href":"https:\/\/glassforever.com\/dk\/wp-json\/wp\/v2\/pages\/1285","targetHints":{"allow":["GET"]}}],"collection":[{"href":"https:\/\/glassforever.com\/dk\/wp-json\/wp\/v2\/pages"}],"about":[{"href":"https:\/\/glassforever.com\/dk\/wp-json\/wp\/v2\/types\/page"}],"author":[{"embeddable":true,"href":"https:\/\/glassforever.com\/dk\/wp-json\/wp\/v2\/users\/1"}],"replies":[{"embeddable":true,"href":"https:\/\/glassforever.com\/dk\/wp-json\/wp\/v2\/comments?post=1285"}],"version-history":[{"count":4,"href":"https:\/\/glassforever.com\/dk\/wp-json\/wp\/v2\/pages\/1285\/revisions"}],"predecessor-version":[{"id":1292,"href":"https:\/\/glassforever.com\/dk\/wp-json\/wp\/v2\/pages\/1285\/revisions\/1292"}],"wp:attachment":[{"href":"https:\/\/glassforever.com\/dk\/wp-json\/wp\/v2\/media?parent=1285"}],"curies":[{"name":"wp","href":"https:\/\/api.w.org\/{rel}","templated":true}]}}