{"id":1280,"date":"2026-01-17T06:46:20","date_gmt":"2026-01-17T06:46:20","guid":{"rendered":"https:\/\/glassforever.talentdig.id\/?page_id=1280"},"modified":"2026-01-17T06:46:21","modified_gmt":"2026-01-17T06:46:21","slug":"bioplastics","status":"publish","type":"page","link":"https:\/\/glassforever.com\/dk\/bioplastics\/","title":{"rendered":"Bioplast"},"content":{"rendered":"<div style=\"height:100px\" aria-hidden=\"true\" class=\"wp-block-spacer\"><\/div>\n\n\n\n<p><\/p>\n\n\n\n<p><b><strong><strong>Bioplast lyder m\u00e5ske godt, men er faktisk et milj\u00f8problem.<\/strong><\/strong><\/b><\/p>\n\n\n\n<figure class=\"wp-block-image size-full\"><img loading=\"lazy\" decoding=\"async\" width=\"606\" height=\"432\" src=\"https:\/\/glassforever.talentdig.id\/wp-content\/uploads\/2026\/01\/A-shot_LO.jpg\" alt=\"\" class=\"wp-image-1282\" srcset=\"https:\/\/glassforever.com\/wp-content\/uploads\/2026\/01\/A-shot_LO.jpg 606w, https:\/\/glassforever.com\/wp-content\/uploads\/2026\/01\/A-shot_LO-500x356.jpg 500w, https:\/\/glassforever.com\/wp-content\/uploads\/2026\/01\/A-shot_LO-300x214.jpg 300w, https:\/\/glassforever.com\/wp-content\/uploads\/2026\/01\/A-shot_LO-105x75.jpg 105w, https:\/\/glassforever.com\/wp-content\/uploads\/2026\/01\/A-shot_LO-480x342.jpg 480w\" sizes=\"auto, (max-width:767px) 480px, 606px\" \/><\/figure>\n\n\n\n<p>Debatten om bioplastprodukter som alternativ til fossilt plast er stadig i sin vorden. Anvendelsen af biomasse i plast er kun en fordel for klimaet, hvis der er fokus p\u00e5 biologisk nedbrydelighed, affaldsh\u00e5ndtering og b\u00e6redygtighed generelt. I \u00f8jeblikket er dette fokus ikke perfekt, hvilket g\u00f8r bioplast til et milj\u00f8problem i sig selv. Og hvad betyder det?<\/p>\n\n\n\n<p><strong>Problemet med bioplast:<\/strong><\/p>\n\n\n\n<ul class=\"wp-block-list\">\n<li>Biologisk nedbrydeligt plast kan kun nedbrydes under meget specielle forhold og kan ikke genbruges. Det ender derfor med at blive forbr\u00e6ndt.<\/li>\n\n\n\n<li>Der er endnu ikke etableret et system til sortering og markedsf\u00f8ring af biologisk nedbrydeligt plast. Forbr\u00e6nding er fortsat den mest almindelige l\u00f8sning til bortskaffelse af affald.<\/li>\n\n\n\n<li>Bioplast er d\u00e5rligt for overgangen til gr\u00f8n plast: Der bruges en betydelig m\u00e6ngde fossile br\u00e6ndstoffer til produktion af bioplast, f.eks. til udvinding af r\u00e5materialer og i fremstillingsprocessen. Desuden kan produktionen af nyt bioplast bidrage til en stigning i monokultur, t\u00f8rke og brug af pesticider, der skader naturen og \u00f8kosystemerne.<\/li>\n\n\n\n<li>'Biologisk nedbrydeligt', \u203akomposterbart\u2039 eller \u203abioplast\u2039 \u2013 hvordan ville du sortere affaldsprodukter med disse m\u00e6rkninger? Hvis du er forvirret, er du ikke alene. At finde ud af, hvordan man sorterer bioplast korrekt, er i sig selv et mareridt, da forkert sortering underminerer hele genbrugskonceptet.<\/li>\n<\/ul>\n\n\n\n<p>Hos glassFORever fokuserer vi p\u00e5 at genbruge, indsamle og genanvende plast i stedet for at lade naturen omdanne eller nedbryde det. Derfor anbefaler vi ikke bioplast og bruger det ikke i vores produktion eller produkter.<\/p>\n\n\n\n<p><\/p>\n\n\n\n<div style=\"height:100px\" aria-hidden=\"true\" class=\"wp-block-spacer\"><\/div>\n\n\n\n<p><\/p>","protected":false},"excerpt":{"rendered":"<p>Bioplastics may sound good, but are in fact an environmental problem The debate regarding bioplastic products as an alternative to fossil plastics is still in in<span class=\"excerpt-hellip\"> [\u2026]<\/span><\/p>","protected":false},"author":1,"featured_media":0,"parent":0,"menu_order":0,"comment_status":"closed","ping_status":"closed","template":"","meta":{"footnotes":""},"class_list":["post-1280","page","type-page","status-publish","hentry"],"_links":{"self":[{"href":"https:\/\/glassforever.com\/dk\/wp-json\/wp\/v2\/pages\/1280","targetHints":{"allow":["GET"]}}],"collection":[{"href":"https:\/\/glassforever.com\/dk\/wp-json\/wp\/v2\/pages"}],"about":[{"href":"https:\/\/glassforever.com\/dk\/wp-json\/wp\/v2\/types\/page"}],"author":[{"embeddable":true,"href":"https:\/\/glassforever.com\/dk\/wp-json\/wp\/v2\/users\/1"}],"replies":[{"embeddable":true,"href":"https:\/\/glassforever.com\/dk\/wp-json\/wp\/v2\/comments?post=1280"}],"version-history":[{"count":2,"href":"https:\/\/glassforever.com\/dk\/wp-json\/wp\/v2\/pages\/1280\/revisions"}],"predecessor-version":[{"id":1283,"href":"https:\/\/glassforever.com\/dk\/wp-json\/wp\/v2\/pages\/1280\/revisions\/1283"}],"wp:attachment":[{"href":"https:\/\/glassforever.com\/dk\/wp-json\/wp\/v2\/media?parent=1280"}],"curies":[{"name":"wp","href":"https:\/\/api.w.org\/{rel}","templated":true}]}}