{"id":1270,"date":"2026-01-15T11:53:15","date_gmt":"2026-01-15T11:53:15","guid":{"rendered":"https:\/\/glassforever.talentdig.id\/?page_id=1270"},"modified":"2026-01-15T12:05:09","modified_gmt":"2026-01-15T12:05:09","slug":"for-the-environment-the-recycling-system","status":"publish","type":"page","link":"https:\/\/glassforever.com\/dk\/for-the-environment-the-recycling-system\/","title":{"rendered":"For milj\u00f8et \u2013 genbrugssystemet"},"content":{"rendered":"<div style=\"height:100px\" aria-hidden=\"true\" class=\"wp-block-spacer\"><\/div>\n\n\n\n<p><\/p>\n\n\n\n<p><b><strong>glassFORever GENANVENDELSESSYSTEM<\/strong><\/b><\/p>\n\n\n\n<p><br><strong>Forever glass<\/strong><br><\/p>\n\n\n\n<p>N\u00e5r du har brugt dine glassFORever-produkter i \u00e5revis, og de er blevet for slidte, skal de ikke smides i skraldespanden. I stedet henter vi dem og sender dem til vores danske fabrik, hvor de males og omdannes til nye milj\u00f8venlige produkter. Det er vores genbrugssystem. Forestil dig en verden, hvor ressourcer ikke udvindes for at blive smidt v\u00e6k efter brug, men hvor de er en del af et kredsl\u00f8b, s\u00e5 der ikke findes affald. Vi er langt fra en affaldsfri verden i dag. Men med de rigtige tiltag kan vi spare naturen for betydelige ressourcer og komme lidt t\u00e6ttere p\u00e5 en cirkul\u00e6r \u00f8konomi med ressourcer i kredsl\u00f8b.<\/p>\n\n\n\n<p>Det g\u00e6lder om at t\u00e6nke p\u00e5 genbrug og genanvendelse, og din virksomhed kan g\u00f8re en betydelig forskel. Det handler om at g\u00f8re tingene p\u00e5 en ny m\u00e5de. En l\u00f8sning er at forl\u00e6nge produkternes levetid ved at genbruge og genanvende. P\u00e5 den m\u00e5de bruger vi f\u00e6rre af naturens r\u00e5materialer og undg\u00e5r destruktiv forbr\u00e6nding. Derfor har vi skabt glassFORever, som er det forretningsm\u00e6ssige alternativ til glas og kopper. Vi genanvender plasten, s\u00e5 naturen ikke tager skade \u2013 vi kalder det glassFORevers genanvendelsessystem.<\/p>\n\n\n\n<p><strong>N\u00e5r dit produkt er godt brugt og klar til at blive udskiftet, kan du:<\/strong><\/p>\n\n\n\n<ul class=\"wp-block-list\">\n<li>Produkterne skal pakkes i kasser og placeres p\u00e5 en palle.<\/li>\n\n\n\n<li>Planl\u00e6g en gratis afhentning. Kontakt din forhandler eller skriv til&nbsp;<a href=\"mailto:mail@glassforever.com\">mail@glassforever.com<\/a><\/li>\n\n\n\n<li>Minimum 1500 produkter<\/li>\n<\/ul>\n\n\n\n<p>Vi tilbyder gratis afhentning, n\u00e5r der afgives en ny ordre. Du kan afgive din ordre gennem din normale distribut\u00f8r.<br><strong>Hvis du har mindre end 1500 briller, du gerne vil returnere.<\/strong><br>GlassFORever-produkter kan afleveres p\u00e5 dit lokale genbrugscenter i plastiksorteringen. Herfra vil produkterne ogs\u00e5 blive genanvendt til nye produkter.<\/p>\n\n\n\n<p>Tak, fordi du passer p\u00e5 milj\u00f8et<\/p>\n\n\n\n<p><\/p>\n\n\n\n<div style=\"height:100px\" aria-hidden=\"true\" class=\"wp-block-spacer\"><\/div>\n\n\n\n<p><\/p>","protected":false},"excerpt":{"rendered":"<p>glassFORever RECYCLING SYSTEM Forever glass When you&#8217;ve been using your glassFORever products for years and they&#8217;ve become too worn, they shouldn&#8217;t go in the trash. Instead,<span class=\"excerpt-hellip\"> [\u2026]<\/span><\/p>","protected":false},"author":1,"featured_media":0,"parent":0,"menu_order":0,"comment_status":"closed","ping_status":"closed","template":"","meta":{"footnotes":""},"class_list":["post-1270","page","type-page","status-publish","hentry"],"_links":{"self":[{"href":"https:\/\/glassforever.com\/dk\/wp-json\/wp\/v2\/pages\/1270","targetHints":{"allow":["GET"]}}],"collection":[{"href":"https:\/\/glassforever.com\/dk\/wp-json\/wp\/v2\/pages"}],"about":[{"href":"https:\/\/glassforever.com\/dk\/wp-json\/wp\/v2\/types\/page"}],"author":[{"embeddable":true,"href":"https:\/\/glassforever.com\/dk\/wp-json\/wp\/v2\/users\/1"}],"replies":[{"embeddable":true,"href":"https:\/\/glassforever.com\/dk\/wp-json\/wp\/v2\/comments?post=1270"}],"version-history":[{"count":5,"href":"https:\/\/glassforever.com\/dk\/wp-json\/wp\/v2\/pages\/1270\/revisions"}],"predecessor-version":[{"id":1277,"href":"https:\/\/glassforever.com\/dk\/wp-json\/wp\/v2\/pages\/1270\/revisions\/1277"}],"wp:attachment":[{"href":"https:\/\/glassforever.com\/dk\/wp-json\/wp\/v2\/media?parent=1270"}],"curies":[{"name":"wp","href":"https:\/\/api.w.org\/{rel}","templated":true}]}}