{"id":1911,"date":"2026-02-09T11:17:37","date_gmt":"2026-02-09T11:17:37","guid":{"rendered":"https:\/\/glassforever.com\/?post_type=product&#038;p=1911"},"modified":"2026-02-24T10:44:42","modified_gmt":"2026-02-24T10:44:42","slug":"comfortable-lid","status":"publish","type":"product","link":"https:\/\/glassforever.com\/de\/product\/comfortable-lid\/","title":{"rendered":"Komfortabler Deckel."},"content":{"rendered":"<p><span dir=\"auto\">Der Zweck unseres Deckels ist es, das Risiko von \"Spiking\" (Drogenbeigaben) im Nachtleben zu minimieren. Wir sorgen f\u00fcr mehr Sicherheit in Clubs, Bars, bei Konzerten oder Festivals. Der Deckel ist ein Einwegdeckel, der umweltfreundlich und vollst\u00e4ndig kompostierbar ist. <\/span><\/p>\n<p><span dir=\"auto\">Mit diesem Deckel k\u00f6nnen Sie unbeschwert Spa\u00df mit Ihren Freunden haben. Er ist aus biologisch abbaubaren Materialien und ohne Mikroplastik hergestellt. Mit dem Deckel k\u00f6nnen Sie zuversichtlich auf einen angenehmen Abend ansto\u00dfen! <\/span><\/p>\n<p><span dir=\"auto\">\u00dcber den Deckel <\/span><\/p>\n<p><span dir=\"auto\">Sicherheit: Unsere Deckel machen es sowohl schwierig som ogs\u00e5 meget m\u00fchsam, Pulver oder Pillen in Ihr Glas zu geben, wenn Sie im Nachtleben unterwegs sind. <\/span><br \/>\n<span dir=\"auto\">Lebensmittelrechtlich zugelassen in der EU und den USA: Der Komfid-Deckel besteht aus Materialien, die zu 100 % geschmacks- og geruchsneutral sind und f\u00fcr den Kontakt mit Lebensmitteln zugelassen sind. <\/span><\/p>\n<p><span dir=\"auto\">F\u00fcr Strohhalme geeignet: Eine praktische \u00d6ffnung f\u00fcr Strohhalme ist integriert. So k\u00f6nnen Sie selbst entscheiden, ob Sie Ihre Getr\u00e4nke mit oder ohne Strohhalm genie\u00dfen m\u00f6chten. <\/span><\/p>\n<p><span dir=\"auto\">Umweltfreundlich: Unser Deckel ist ein biologisch abbaubares Einwegprodukt und hinterl\u00e4sst kein Mikroplastik. <\/span><br \/>\n<span dir=\"auto\">Der Deckel tr\u00e4gt zum gr\u00fcnen Wandel bei, w\u00e4hrend Sie sich gleichzeitig sicher f\u00fchlen k\u00f6nnen. <\/span><\/p>\n<p><span dir=\"auto\">The lid fits GlassFORever &#8220;Granity47glass&#8221;<\/span><\/p>","protected":false},"excerpt":{"rendered":"<p>The purpose of our lid is to minimize drugging in the nightlife. We make it safer to go into clubs, bars, to a concert or a<span class=\"excerpt-hellip\"> [\u2026]<\/span><\/p>","protected":false},"featured_media":1912,"template":"","meta":[],"product_brand":[50],"product_cat":[56],"product_tag":[],"class_list":{"0":"post-1911","1":"product","2":"type-product","3":"status-publish","4":"has-post-thumbnail","6":"product_brand-glassforever","7":"product_cat-food-accessories","9":"first","10":"instock","11":"shipping-taxable","12":"product-type-simple"},"_links":{"self":[{"href":"https:\/\/glassforever.com\/de\/wp-json\/wp\/v2\/product\/1911","targetHints":{"allow":["GET"]}}],"collection":[{"href":"https:\/\/glassforever.com\/de\/wp-json\/wp\/v2\/product"}],"about":[{"href":"https:\/\/glassforever.com\/de\/wp-json\/wp\/v2\/types\/product"}],"wp:featuredmedia":[{"embeddable":true,"href":"https:\/\/glassforever.com\/de\/wp-json\/wp\/v2\/media\/1912"}],"wp:attachment":[{"href":"https:\/\/glassforever.com\/de\/wp-json\/wp\/v2\/media?parent=1911"}],"wp:term":[{"taxonomy":"product_brand","embeddable":true,"href":"https:\/\/glassforever.com\/de\/wp-json\/wp\/v2\/product_brand?post=1911"},{"taxonomy":"product_cat","embeddable":true,"href":"https:\/\/glassforever.com\/de\/wp-json\/wp\/v2\/product_cat?post=1911"},{"taxonomy":"product_tag","embeddable":true,"href":"https:\/\/glassforever.com\/de\/wp-json\/wp\/v2\/product_tag?post=1911"}],"curies":[{"name":"wp","href":"https:\/\/api.w.org\/{rel}","templated":true}]}}