{"id":1305,"date":"2026-01-17T07:05:06","date_gmt":"2026-01-17T07:05:06","guid":{"rendered":"https:\/\/glassforever.talentdig.id\/?page_id=1305"},"modified":"2026-03-11T12:56:47","modified_gmt":"2026-03-11T12:56:47","slug":"for-customer-satisfaction-5-year-warranty","status":"publish","type":"page","link":"https:\/\/glassforever.com\/de\/for-customer-satisfaction-5-year-warranty\/","title":{"rendered":"F\u00fcr Kundenzufriedenheit \u2013 5 Jahre Garantie"},"content":{"rendered":"<div style=\"height:100px\" aria-hidden=\"true\" class=\"wp-block-spacer\"><\/div>\n\n\n\n<p><\/p>\n\n\n\n<p><b><strong><strong><strong>Bei glassFORever bieten wir allen Kunden eine 5-j\u00e4hrige Garantie auf die glassFORever-Produkte.&nbsp;<\/strong><\/strong><\/strong><\/b><\/p>\n\n\n\n<p>This means that if a product cracks or breaks within the first five years, glassFORever will replace your product with a new one free of charge.<br>Eine Garantie, die sich in der Bilanz niederschl\u00e4gt.<\/p>\n\n\n\n<p><em>Bitte beachten Sie: Die Garantie gilt nicht f\u00fcr Kratzer, Kalkr\u00fcckst\u00e4nde oder Verf\u00e4rbungen. Die Garantie gilt nicht f\u00fcr Produkte aus SAN, den Eisk\u00fcbel, die LIGHT-Serie oder PRIVATE LABEL-Produkte, sofern nicht anders vereinbart.<\/em><\/p>\n\n\n\n<p><a href=\"https:\/\/glassforever.com\/de\/washing-instructions-for-the-best-possible-washing-results\/\">Befolgen Sie die Waschanweisungen, um optimale Ergebnisse zu erzielen.<\/a><\/p>\n\n\n\n<p><\/p>\n\n\n\n<div style=\"height:100px\" aria-hidden=\"true\" class=\"wp-block-spacer\"><\/div>\n\n\n\n<p><\/p>","protected":false},"excerpt":{"rendered":"<p>At glassFORever, we offer all customers a 5 year warranty on the glassFORever products.&nbsp; This means that if a product cracks or breaks within the first<span class=\"excerpt-hellip\"> [\u2026]<\/span><\/p>","protected":false},"author":1,"featured_media":0,"parent":0,"menu_order":0,"comment_status":"closed","ping_status":"closed","template":"","meta":{"footnotes":""},"class_list":["post-1305","page","type-page","status-publish","hentry"],"_links":{"self":[{"href":"https:\/\/glassforever.com\/de\/wp-json\/wp\/v2\/pages\/1305","targetHints":{"allow":["GET"]}}],"collection":[{"href":"https:\/\/glassforever.com\/de\/wp-json\/wp\/v2\/pages"}],"about":[{"href":"https:\/\/glassforever.com\/de\/wp-json\/wp\/v2\/types\/page"}],"author":[{"embeddable":true,"href":"https:\/\/glassforever.com\/de\/wp-json\/wp\/v2\/users\/1"}],"replies":[{"embeddable":true,"href":"https:\/\/glassforever.com\/de\/wp-json\/wp\/v2\/comments?post=1305"}],"version-history":[{"count":4,"href":"https:\/\/glassforever.com\/de\/wp-json\/wp\/v2\/pages\/1305\/revisions"}],"predecessor-version":[{"id":2034,"href":"https:\/\/glassforever.com\/de\/wp-json\/wp\/v2\/pages\/1305\/revisions\/2034"}],"wp:attachment":[{"href":"https:\/\/glassforever.com\/de\/wp-json\/wp\/v2\/media?parent=1305"}],"curies":[{"name":"wp","href":"https:\/\/api.w.org\/{rel}","templated":true}]}}