{"id":1301,"date":"2026-01-17T07:01:34","date_gmt":"2026-01-17T07:01:34","guid":{"rendered":"https:\/\/glassforever.talentdig.id\/?page_id=1301"},"modified":"2026-01-17T07:01:35","modified_gmt":"2026-01-17T07:01:35","slug":"for-a-healthier-and-lighter-working-environment","status":"publish","type":"page","link":"https:\/\/glassforever.com\/de\/for-a-healthier-and-lighter-working-environment\/","title":{"rendered":"F\u00fcr eine ges\u00fcndere und angenehmere Arbeitsumgebung"},"content":{"rendered":"<div style=\"height:100px\" aria-hidden=\"true\" class=\"wp-block-spacer\"><\/div>\n\n\n\n<p><\/p>\n\n\n\n<p><b><strong><strong><strong>Einer der gr\u00f6\u00dften Vorteile unserer Produkte besteht darin, dass sie nicht so viel wiegen wie  herk\u00f6mmliche Produkte.\u00a0\u00a0<\/strong><\/strong><\/strong><\/b><\/p>\n\n\n\n<p>Ein Geschirrsp\u00fclkorb mit gew\u00f6hnlichen Gl\u00e4sern kann leicht 11 bis 13 kg wiegen, w\u00e4hrend ein Korb mit glassFORever-Produkten nur 4,5 kg wiegt. Mit anderen Worten: Die Gl\u00e4ser wiegen 66 % weniger!&nbsp;<strong><\/strong><\/p>\n\n\n\n<p>Die Produkte k\u00f6nnen daher einen bedeutenden und positiven Einfluss auf das Arbeitsumfeld in K\u00fcchen, Kantinen, Bars und anderen Orten haben, an denen Mitarbeiter t\u00e4glich mit Gl\u00e4sern hantieren. Das Heben, Ziehen und Schieben schwerer Gegenst\u00e4nde sowie das Sp\u00fclen von Tabletts sind h\u00e4ufige Ursachen f\u00fcr Arbeitsunf\u00e4lle und damit f\u00fcr krankheitsbedingte Fehlzeiten. Bei Verwendung von glassFORever-Produkten wird dieses Risiko jedoch deutlich reduziert. Der Kauf unserer speziell hergestellten Kunststoffgl\u00e4ser wirkt sich positiv auf die krankheitsbedingten Fehlzeiten Ihrer Mitarbeiter und damit auch auf Ihr Gesch\u00e4ftsergebnis aus.<\/p>\n\n\n\n<figure class=\"wp-block-image size-full\"><img loading=\"lazy\" decoding=\"async\" width=\"923\" height=\"578\" src=\"https:\/\/glassforever.talentdig.id\/wp-content\/uploads\/2026\/01\/Lift.jpg\" alt=\"\" class=\"wp-image-1303\" srcset=\"https:\/\/glassforever.com\/wp-content\/uploads\/2026\/01\/Lift.jpg 923w, https:\/\/glassforever.com\/wp-content\/uploads\/2026\/01\/Lift-800x501.jpg 800w, https:\/\/glassforever.com\/wp-content\/uploads\/2026\/01\/Lift-500x313.jpg 500w, https:\/\/glassforever.com\/wp-content\/uploads\/2026\/01\/Lift-300x188.jpg 300w, https:\/\/glassforever.com\/wp-content\/uploads\/2026\/01\/Lift-768x481.jpg 768w, https:\/\/glassforever.com\/wp-content\/uploads\/2026\/01\/Lift-120x75.jpg 120w, https:\/\/glassforever.com\/wp-content\/uploads\/2026\/01\/Lift-480x301.jpg 480w\" sizes=\"auto, (max-width:767px) 480px, (max-width:923px) 100vw, 923px\" \/><\/figure>\n\n\n\n<p><\/p>\n\n\n\n<p><strong><em><strong>Auszug und Schlussfolgerung aus dem Ministerium f\u00fcr Umwelt und Ern\u00e4hrung, Preis f\u00fcr zirkul\u00e4ren Einkauf \u2013 Juni 2020, Arbeitsumfeld, Seite 115<\/strong><\/em><\/strong><\/p>\n\n\n\n<p><em>Bei der Entscheidung f\u00fcr die Verwendung von Porzellantassen sollte die Arbeitsbelastung ber\u00fccksichtigt werden, die mit dem Heben der Geschirrk\u00f6rbe vom Wagen in die Sp\u00fclmaschine und zur\u00fcck sowie mit dem mehrmaligen Entleeren der Miele-Sp\u00fclmaschinen verbunden ist. Die Wagen, mit denen die Geschirrk\u00f6rbe transportiert werden, m\u00fcssen zwangsl\u00e4ufig mehrere Ablagen haben, was viele Hebe- und Beugebewegungen mit schweren, mit Porzellantassen gef\u00fcllten Geschirrk\u00f6rben bedeutet. Die K\u00fcchentische in den Sp\u00fclk\u00fcchen verf\u00fcgen nicht \u00fcber eine Hebe- und Senkfunktion, was eine Voraussetzung f\u00fcr mehr Sp\u00fclgut ist. Dies ist bereits eine Herausforderung f\u00fcr die Arbeitsumgebung, die von der APV beanstandet wurde.<\/em><\/p>\n\n\n\n<p><\/p>\n\n\n\n<div style=\"height:100px\" aria-hidden=\"true\" class=\"wp-block-spacer\"><\/div>\n\n\n\n<p><\/p>","protected":false},"excerpt":{"rendered":"<p>One of the biggest advantages of using our products is that they do not weigh as much as \u00a0ordinary products.\u00a0\u00a0 A dishwasher tray filled with ordinary<span class=\"excerpt-hellip\"> [\u2026]<\/span><\/p>","protected":false},"author":1,"featured_media":0,"parent":0,"menu_order":0,"comment_status":"closed","ping_status":"closed","template":"","meta":{"footnotes":""},"class_list":["post-1301","page","type-page","status-publish","hentry"],"_links":{"self":[{"href":"https:\/\/glassforever.com\/de\/wp-json\/wp\/v2\/pages\/1301","targetHints":{"allow":["GET"]}}],"collection":[{"href":"https:\/\/glassforever.com\/de\/wp-json\/wp\/v2\/pages"}],"about":[{"href":"https:\/\/glassforever.com\/de\/wp-json\/wp\/v2\/types\/page"}],"author":[{"embeddable":true,"href":"https:\/\/glassforever.com\/de\/wp-json\/wp\/v2\/users\/1"}],"replies":[{"embeddable":true,"href":"https:\/\/glassforever.com\/de\/wp-json\/wp\/v2\/comments?post=1301"}],"version-history":[{"count":2,"href":"https:\/\/glassforever.com\/de\/wp-json\/wp\/v2\/pages\/1301\/revisions"}],"predecessor-version":[{"id":1304,"href":"https:\/\/glassforever.com\/de\/wp-json\/wp\/v2\/pages\/1301\/revisions\/1304"}],"wp:attachment":[{"href":"https:\/\/glassforever.com\/de\/wp-json\/wp\/v2\/media?parent=1301"}],"curies":[{"name":"wp","href":"https:\/\/api.w.org\/{rel}","templated":true}]}}