{"id":1294,"date":"2026-01-17T06:56:40","date_gmt":"2026-01-17T06:56:40","guid":{"rendered":"https:\/\/glassforever.talentdig.id\/?page_id=1294"},"modified":"2026-01-17T06:57:44","modified_gmt":"2026-01-17T06:57:44","slug":"strength-pays-extra-durable-material","status":"publish","type":"page","link":"https:\/\/glassforever.com\/de\/strength-pays-extra-durable-material\/","title":{"rendered":"St\u00e4rke zahlt sich aus \u2013 besonders strapazierf\u00e4higes Material"},"content":{"rendered":"<div style=\"height:100px\" aria-hidden=\"true\" class=\"wp-block-spacer\"><\/div>\n\n\n\n<p><\/p>\n\n\n\n<p><b><strong><strong><strong>Bei glassFORever stellen wir Trinkgl\u00e4ser her. Aber nicht nur gew\u00f6hnliche Trinkgl\u00e4ser.\u00a0<\/strong><\/strong><\/strong><\/b><\/p>\n\n\n\n<p>W\u00e4hrend gew\u00f6hnliche Gl\u00e4ser zerbrechen und Glasscherben hinterlassen k\u00f6nnen, die Probleme verursachen und eine Gefahr f\u00fcr Menschen darstellen, sind unsere speziell entwickelten Kunststoffgl\u00e4ser zu 100 % bruchsicher, was ein hohes Ma\u00df an Sicherheit gew\u00e4hrleistet.<\/p>\n\n\n\n<p>Das Material ist kristallklar und verf\u00fcgt \u00fcber einen dicken, soliden Boden. Die Produkte wurden von unabh\u00e4ngigen Labors getestet, und wenn wir sagen, dass die Gl\u00e4ser unzerbrechlich sind, dann ist das auch wirklich so. Produkte von glassFORever k\u00f6nnen nicht zerbrechen.<\/p>\n\n\n\n<figure class=\"wp-block-image size-full\"><img loading=\"lazy\" decoding=\"async\" width=\"700\" height=\"308\" src=\"https:\/\/glassforever.talentdig.id\/wp-content\/uploads\/2026\/01\/STYRKE-pic-DK.jpg\" alt=\"\" class=\"wp-image-1296\" srcset=\"https:\/\/glassforever.com\/wp-content\/uploads\/2026\/01\/STYRKE-pic-DK.jpg 700w, https:\/\/glassforever.com\/wp-content\/uploads\/2026\/01\/STYRKE-pic-DK-500x220.jpg 500w, https:\/\/glassforever.com\/wp-content\/uploads\/2026\/01\/STYRKE-pic-DK-300x132.jpg 300w, https:\/\/glassforever.com\/wp-content\/uploads\/2026\/01\/STYRKE-pic-DK-150x66.jpg 150w, https:\/\/glassforever.com\/wp-content\/uploads\/2026\/01\/STYRKE-pic-DK-480x211.jpg 480w\" sizes=\"auto, (max-width:767px) 480px, 700px\" \/><\/figure>\n\n\n\n<p><\/p>\n\n\n\n<div style=\"height:50px\" aria-hidden=\"true\" class=\"wp-block-spacer\"><\/div>\n\n\n\n<p><strong><strong>GLASSFOREVER HAT DEM SCHWARZEN B\u00c4REN GETROFFEN<\/strong><\/strong><\/p>\n\n\n\n<ul class=\"wp-block-list\"><\/ul>\n\n\n\n<p>\u201eDie Lebensgef\u00e4hrtin meines Sohnes hat mir letztes Weihnachten vier Weingl\u00e4ser von glassFORever geschenkt. Ich bin ein Weinliebhaber und trinke Wein gerne aus einem Weinglas, egal wo ich mich gerade befinde.<br>Auf einem k\u00fcrzlichen Camping- und Kajakausflug in die Wildnis nahm ich eines meiner Weingl\u00e4ser und nat\u00fcrlich etwas \u201eRotwein\u201c aus einem Tetra-Pack mit. Wir schlugen unser Lager auf und fuhren ein paar Stunden mit dem Kajak. Als wir zum Lager zur\u00fcckkehrten, sahen wir einen B\u00e4ren, der den Ort verlie\u00df. Wir hatten unsere Lebensmittel hochgehoben und waren zuversichtlich, dass der B\u00e4r mit leeren H\u00e4nden davonkam.<br>Sp\u00e4ter ging ich, um mir ein Glas Wein zu holen. Ich stellte fest, dass der B\u00e4r meinen Wein entdeckt und ausgetrunken hatte, den ich zusammen mit meinem Weinglas in einer Stofftasche in der N\u00e4he meines Zeltes zur\u00fcckgelassen hatte.<br>Mein Glas ist unversehrt, nur auf beiden Seiten sind zwei Zahnabdr\u00fccke zu sehen.<br>Ihre Produkte haben dem Schwarzb\u00e4ren standgehalten. Und ich habe nun ein Andenken an meine Reise, das f\u00fcr immer Bestand haben wird.<br><em>Nancy Underwood<\/em><br><em>Bothwell, Ontario, Canada \u2013 4. sep. 2017<\/em><\/p>\n\n\n\n<p><\/p>\n\n\n\n<div style=\"height:100px\" aria-hidden=\"true\" class=\"wp-block-spacer\"><\/div>\n\n\n\n<p><\/p>","protected":false},"excerpt":{"rendered":"<p>At glassFORever, we manufacture drinking glasses. But not just ordinary drinking glasses.\u00a0 Where ordinary glasses can break and leave broken glass shards which cause &nbsp;problems and<span class=\"excerpt-hellip\"> [\u2026]<\/span><\/p>","protected":false},"author":1,"featured_media":0,"parent":0,"menu_order":0,"comment_status":"closed","ping_status":"closed","template":"","meta":{"footnotes":""},"class_list":["post-1294","page","type-page","status-publish","hentry"],"_links":{"self":[{"href":"https:\/\/glassforever.com\/de\/wp-json\/wp\/v2\/pages\/1294","targetHints":{"allow":["GET"]}}],"collection":[{"href":"https:\/\/glassforever.com\/de\/wp-json\/wp\/v2\/pages"}],"about":[{"href":"https:\/\/glassforever.com\/de\/wp-json\/wp\/v2\/types\/page"}],"author":[{"embeddable":true,"href":"https:\/\/glassforever.com\/de\/wp-json\/wp\/v2\/users\/1"}],"replies":[{"embeddable":true,"href":"https:\/\/glassforever.com\/de\/wp-json\/wp\/v2\/comments?post=1294"}],"version-history":[{"count":5,"href":"https:\/\/glassforever.com\/de\/wp-json\/wp\/v2\/pages\/1294\/revisions"}],"predecessor-version":[{"id":1300,"href":"https:\/\/glassforever.com\/de\/wp-json\/wp\/v2\/pages\/1294\/revisions\/1300"}],"wp:attachment":[{"href":"https:\/\/glassforever.com\/de\/wp-json\/wp\/v2\/media?parent=1294"}],"curies":[{"name":"wp","href":"https:\/\/api.w.org\/{rel}","templated":true}]}}