{"id":1285,"date":"2026-01-17T06:50:38","date_gmt":"2026-01-17T06:50:38","guid":{"rendered":"https:\/\/glassforever.talentdig.id\/?page_id=1285"},"modified":"2026-01-17T06:52:33","modified_gmt":"2026-01-17T06:52:33","slug":"for-significant-long-term-savings","status":"publish","type":"page","link":"https:\/\/glassforever.com\/de\/for-significant-long-term-savings\/","title":{"rendered":"F\u00fcr erhebliche langfristige Einsparungen"},"content":{"rendered":"<div style=\"height:100px\" aria-hidden=\"true\" class=\"wp-block-spacer\"><\/div>\n\n\n\n<p><\/p>\n\n\n\n<p><b><strong><strong><strong>\u00dcber einen Zeitraum von drei Jahren entspricht der Einsatz von glassFORever-Produkten einer Gesamteinsparung von 59,4 %.<\/strong><\/strong><\/strong><\/b><\/p>\n\n\n\n<p>Produkte von glassFORever halten aufgrund des Materials 20 Mal l\u00e4nger als gew\u00f6hnliche Gl\u00e4ser.&nbsp;<\/p>\n\n\n\n<p>Die Gl\u00e4ser m\u00fcssen nicht so oft ersetzt werden, was zu erheblichen Kosteneinsparungen f\u00fchrt. Wenn ein Nachtclub bei der Gr\u00fcndung 3.200 Gl\u00e4ser kauft, zeigt unsere Umfrage unter 100 Nachtclubs, dass \u00fcber einen Zeitraum von drei Jahren 59,4 % der Kosten f\u00fcr den Kauf von Gl\u00e4sern eingespart werden k\u00f6nnen, wenn man von Anfang an Produkte von glassFORever kauft, anstatt herk\u00f6mmliche Produkte zu erwerben.<\/p>\n\n\n\n<p>Das macht sich in der Bilanz bemerkbar.&nbsp;<\/p>\n\n\n\n<p><em>Die Berechnung umfasst 100 Nachtclubs und basiert auf einem durchschnittlichen Nachtclub, der zu Beginn 3.200 Gl\u00e4ser ben\u00f6tigt. Da die Produkte von glassFORever bis zu 20 Mal l\u00e4nger halten als herk\u00f6mmliche Gl\u00e4ser, ist der Bedarf an kontinuierlichem Ersatz deutlich geringer. \u00dcber drei Jahre berechnet, entspricht dies einer Gesamteinsparung f\u00fcr den Nachtclub von 59,4 %. Das Beispiel wurde auf der Grundlage von glassFORever-Gl\u00e4sern berechnet, die in Bezug auf Design und Aussehen vollst\u00e4ndig vergleichbar sind, und basiert auf den Listenpreisen zum Zeitpunkt der Umfrage.<\/em><\/p>\n\n\n\n<figure class=\"wp-block-image size-full\"><img loading=\"lazy\" decoding=\"async\" width=\"923\" height=\"409\" src=\"https:\/\/glassforever.talentdig.id\/wp-content\/uploads\/2026\/01\/Save.jpg\" alt=\"\" class=\"wp-image-1291\" srcset=\"https:\/\/glassforever.com\/wp-content\/uploads\/2026\/01\/Save.jpg 923w, https:\/\/glassforever.com\/wp-content\/uploads\/2026\/01\/Save-800x354.jpg 800w, https:\/\/glassforever.com\/wp-content\/uploads\/2026\/01\/Save-500x222.jpg 500w, https:\/\/glassforever.com\/wp-content\/uploads\/2026\/01\/Save-300x133.jpg 300w, https:\/\/glassforever.com\/wp-content\/uploads\/2026\/01\/Save-768x340.jpg 768w, https:\/\/glassforever.com\/wp-content\/uploads\/2026\/01\/Save-150x66.jpg 150w, https:\/\/glassforever.com\/wp-content\/uploads\/2026\/01\/Save-480x213.jpg 480w\" sizes=\"auto, (max-width:767px) 480px, (max-width:923px) 100vw, 923px\" \/><\/figure>\n\n\n\n<p>Ein Krankenhaus in D\u00e4nemark verbraucht etwa 2,85 Millionen Einwegbecher und -gl\u00e4ser f\u00fcr Patienten und Mitarbeiter. Die j\u00e4hrlichen Kosten belaufen sich auf rund 175.000 Euro.<br>In der Sensitivit\u00e4tsanalyse verwenden die Mitarbeiter ihre wiederverwendbaren Becher dreimal, bevor sie sie sp\u00fclen. Dadurch fallen deutlich weniger Sp\u00fclvorg\u00e4nge an, was sich deutlich in der Wirtschaftlichkeit niederschl\u00e4gt. In diesem Szenario sind wiederverwendbare Becher, Tassen und Gl\u00e4ser bereits wettbewerbsf\u00e4hig. Wir empfehlen keine Biokunststoffe und verwenden diese auch nicht in unserer Produktion oder unseren Produkten.<\/p>\n\n\n\n<p><\/p>\n\n\n\n<div style=\"height:100px\" aria-hidden=\"true\" class=\"wp-block-spacer\"><\/div>\n\n\n\n<p><\/p>","protected":false},"excerpt":{"rendered":"<p>Over three years, having glassFORever products equates to total savings of 59.4% Products from glassFORever last 20 times longer than ordinary glasses because of the material.&nbsp;<span class=\"excerpt-hellip\"> [\u2026]<\/span><\/p>","protected":false},"author":1,"featured_media":0,"parent":0,"menu_order":0,"comment_status":"closed","ping_status":"closed","template":"","meta":{"footnotes":""},"class_list":["post-1285","page","type-page","status-publish","hentry"],"_links":{"self":[{"href":"https:\/\/glassforever.com\/de\/wp-json\/wp\/v2\/pages\/1285","targetHints":{"allow":["GET"]}}],"collection":[{"href":"https:\/\/glassforever.com\/de\/wp-json\/wp\/v2\/pages"}],"about":[{"href":"https:\/\/glassforever.com\/de\/wp-json\/wp\/v2\/types\/page"}],"author":[{"embeddable":true,"href":"https:\/\/glassforever.com\/de\/wp-json\/wp\/v2\/users\/1"}],"replies":[{"embeddable":true,"href":"https:\/\/glassforever.com\/de\/wp-json\/wp\/v2\/comments?post=1285"}],"version-history":[{"count":4,"href":"https:\/\/glassforever.com\/de\/wp-json\/wp\/v2\/pages\/1285\/revisions"}],"predecessor-version":[{"id":1292,"href":"https:\/\/glassforever.com\/de\/wp-json\/wp\/v2\/pages\/1285\/revisions\/1292"}],"wp:attachment":[{"href":"https:\/\/glassforever.com\/de\/wp-json\/wp\/v2\/media?parent=1285"}],"curies":[{"name":"wp","href":"https:\/\/api.w.org\/{rel}","templated":true}]}}