{"id":1280,"date":"2026-01-17T06:46:20","date_gmt":"2026-01-17T06:46:20","guid":{"rendered":"https:\/\/glassforever.talentdig.id\/?page_id=1280"},"modified":"2026-01-17T06:46:21","modified_gmt":"2026-01-17T06:46:21","slug":"bioplastics","status":"publish","type":"page","link":"https:\/\/glassforever.com\/de\/bioplastics\/","title":{"rendered":"Biokunststoffe"},"content":{"rendered":"<div style=\"height:100px\" aria-hidden=\"true\" class=\"wp-block-spacer\"><\/div>\n\n\n\n<p><\/p>\n\n\n\n<p><b><strong><strong>Biokunststoffe klingen vielleicht gut, sind aber in Wirklichkeit ein Umweltproblem.<\/strong><\/strong><\/b><\/p>\n\n\n\n<figure class=\"wp-block-image size-full\"><img loading=\"lazy\" decoding=\"async\" width=\"606\" height=\"432\" src=\"https:\/\/glassforever.talentdig.id\/wp-content\/uploads\/2026\/01\/A-shot_LO.jpg\" alt=\"\" class=\"wp-image-1282\" srcset=\"https:\/\/glassforever.com\/wp-content\/uploads\/2026\/01\/A-shot_LO.jpg 606w, https:\/\/glassforever.com\/wp-content\/uploads\/2026\/01\/A-shot_LO-500x356.jpg 500w, https:\/\/glassforever.com\/wp-content\/uploads\/2026\/01\/A-shot_LO-300x214.jpg 300w, https:\/\/glassforever.com\/wp-content\/uploads\/2026\/01\/A-shot_LO-105x75.jpg 105w, https:\/\/glassforever.com\/wp-content\/uploads\/2026\/01\/A-shot_LO-480x342.jpg 480w\" sizes=\"auto, (max-width:767px) 480px, 606px\" \/><\/figure>\n\n\n\n<p>Die Debatte \u00fcber Biokunststoffprodukte als Alternative zu fossilen Kunststoffen steckt noch in den Kinderschuhen. Die Verwendung von Biomasse in Kunststoffen ist nur dann klimafreundlich, wenn der Schwerpunkt auf biologischer Abbaubarkeit, Abfallwirtschaft und Nachhaltigkeit im Allgemeinen liegt. Derzeit ist dieser Schwerpunkt noch nicht optimal, sodass Biokunststoffe selbst zu einem Umweltproblem werden. Und was bedeutet das?<\/p>\n\n\n\n<p><strong>Das Problem mit Biokunststoffen:<\/strong><\/p>\n\n\n\n<ul class=\"wp-block-list\">\n<li>Biologisch abbaubarer Kunststoff kann nur unter ganz bestimmten Bedingungen abgebaut werden und ist nicht recycelbar. Er wird daher letztendlich verbrannt.<\/li>\n\n\n\n<li>Ein System zur Sortierung und Vermarktung biologisch abbaubarer Kunststoffe wurde noch nicht eingerichtet. Die Verbrennung ist nach wie vor die am h\u00e4ufigsten verwendete L\u00f6sung zur Abfallentsorgung.<\/li>\n\n\n\n<li>Biokunststoffe sind schlecht f\u00fcr den \u00dcbergang zu umweltfreundlichen Kunststoffen: Bei der Herstellung von Biokunststoffen wird eine erhebliche Menge fossiler Brennstoffe verbraucht, beispielsweise bei der Gewinnung von Rohstoffen und im Herstellungsprozess. Dar\u00fcber hinaus kann die Produktion neuer Biokunststoffe zur Zunahme von Monokulturen, D\u00fcrren und dem Einsatz von Pestiziden beitragen, die der Natur und den \u00d6kosystemen schaden.<\/li>\n\n\n\n<li>\u201eBiologisch abbaubar\u201c, \u201ekompostierbar\u201c oder \u201eBiokunststoff\u201c \u2013 wie w\u00fcrden Sie Abfallprodukte mit diesen Kennzeichnungen sortieren? Wenn Sie verwirrt sind, sind Sie nicht allein. Die richtige Sortierung von Biokunststoffen ist ein Albtraum f\u00fcr sich, da eine unsachgem\u00e4\u00dfe Sortierung das gesamte Recyclingkonzept untergr\u00e4bt.<\/li>\n<\/ul>\n\n\n\n<p>Bei glassFORever konzentrieren wir uns darauf, Kunststoff wiederzuverwenden, zu sammeln und zu recyceln, anstatt ihn der Natur zu \u00fcberlassen oder zu versuchen, ihn abzubauen. Daher empfehlen wir keine Biokunststoffe und verwenden diese auch nicht in unserer Produktion oder unseren Produkten.<\/p>\n\n\n\n<p><\/p>\n\n\n\n<div style=\"height:100px\" aria-hidden=\"true\" class=\"wp-block-spacer\"><\/div>\n\n\n\n<p><\/p>","protected":false},"excerpt":{"rendered":"<p>Bioplastics may sound good, but are in fact an environmental problem The debate regarding bioplastic products as an alternative to fossil plastics is still in in<span class=\"excerpt-hellip\"> [\u2026]<\/span><\/p>","protected":false},"author":1,"featured_media":0,"parent":0,"menu_order":0,"comment_status":"closed","ping_status":"closed","template":"","meta":{"footnotes":""},"class_list":["post-1280","page","type-page","status-publish","hentry"],"_links":{"self":[{"href":"https:\/\/glassforever.com\/de\/wp-json\/wp\/v2\/pages\/1280","targetHints":{"allow":["GET"]}}],"collection":[{"href":"https:\/\/glassforever.com\/de\/wp-json\/wp\/v2\/pages"}],"about":[{"href":"https:\/\/glassforever.com\/de\/wp-json\/wp\/v2\/types\/page"}],"author":[{"embeddable":true,"href":"https:\/\/glassforever.com\/de\/wp-json\/wp\/v2\/users\/1"}],"replies":[{"embeddable":true,"href":"https:\/\/glassforever.com\/de\/wp-json\/wp\/v2\/comments?post=1280"}],"version-history":[{"count":2,"href":"https:\/\/glassforever.com\/de\/wp-json\/wp\/v2\/pages\/1280\/revisions"}],"predecessor-version":[{"id":1283,"href":"https:\/\/glassforever.com\/de\/wp-json\/wp\/v2\/pages\/1280\/revisions\/1283"}],"wp:attachment":[{"href":"https:\/\/glassforever.com\/de\/wp-json\/wp\/v2\/media?parent=1280"}],"curies":[{"name":"wp","href":"https:\/\/api.w.org\/{rel}","templated":true}]}}