{"id":1270,"date":"2026-01-15T11:53:15","date_gmt":"2026-01-15T11:53:15","guid":{"rendered":"https:\/\/glassforever.talentdig.id\/?page_id=1270"},"modified":"2026-01-15T12:05:09","modified_gmt":"2026-01-15T12:05:09","slug":"for-the-environment-the-recycling-system","status":"publish","type":"page","link":"https:\/\/glassforever.com\/de\/for-the-environment-the-recycling-system\/","title":{"rendered":"F\u00fcr die Umwelt \u2013 das Recyclingsystem"},"content":{"rendered":"<div style=\"height:100px\" aria-hidden=\"true\" class=\"wp-block-spacer\"><\/div>\n\n\n\n<p><\/p>\n\n\n\n<p><b><strong>glassFORever RECYCLING SYSTEM<\/strong><\/b><\/p>\n\n\n\n<p><br><strong>Forever glass<\/strong><br><\/p>\n\n\n\n<p>Wenn Sie Ihre glassFORever-Produkte jahrelang benutzt haben und sie zu abgenutzt sind, sollten Sie sie nicht in den M\u00fcll werfen. Stattdessen holen wir sie ab und schicken sie zu unserer d\u00e4nischen Fabrik, wo sie zermahlen und zu neuen umweltfreundlichen Produkten verarbeitet werden. Das ist unser Recyclingsystem. Stellen Sie sich eine Welt vor, in der Ressourcen nicht abgebaut werden, um nach Gebrauch weggeworfen zu werden, sondern Teil eines Kreislaufs sind, sodass es keinen Abfall gibt. Wir sind heute noch weit von einer abfallfreien Welt entfernt. Aber mit den richtigen Ma\u00dfnahmen k\u00f6nnen wir der Natur erhebliche Ressourcen sparen und einer Kreislaufwirtschaft mit Ressourcen im Umlauf ein St\u00fcck n\u00e4her kommen.<\/p>\n\n\n\n<p>Der Trick besteht darin, \u00fcber Wiederverwendung und Recycling nachzudenken, und Ihr Unternehmen kann dabei einen bedeutenden Unterschied machen. Es geht darum, Dinge auf eine neue Art und Weise zu tun. Eine L\u00f6sung besteht darin, die Lebensdauer von Produkten durch Wiederverwendung und Recycling zu verl\u00e4ngern. Auf diese Weise verbrauchen wir weniger Rohstoffe aus der Natur und vermeiden die zerst\u00f6rerische Verbrennung. Aus diesem Grund haben wir glassFORever entwickelt, die gesch\u00e4ftliche Alternative zu Gl\u00e4sern und Tassen. Wir recyceln den Kunststoff, damit die Natur keinen Schaden nimmt \u2013 wir nennen das das Recyclingsystem von glassFORever.<\/p>\n\n\n\n<p><strong>Wenn Ihr Produkt gut genutzt wurde und ersetzt werden muss, haben Sie folgende M\u00f6glichkeiten:<\/strong><\/p>\n\n\n\n<ul class=\"wp-block-list\">\n<li>Die Produkte m\u00fcssen in Kartons verpackt und auf einer Palette platziert werden.<\/li>\n\n\n\n<li>Vereinbaren Sie eine kostenlose Abholung. Wenden Sie sich an Ihren H\u00e4ndler oder schreiben Sie an&nbsp;<a href=\"mailto:mail@glassforever.com\">mail@glassforever.com<\/a><\/li>\n\n\n\n<li>Mindestens 1500 Produkte<\/li>\n<\/ul>\n\n\n\n<p>Wir bieten eine kostenlose Abholung an, wenn eine neue Bestellung aufgegeben wird. Sie k\u00f6nnen Ihre Bestellung \u00fcber Ihren \u00fcblichen H\u00e4ndler aufgeben.<br><strong>Wenn Sie weniger als 1500 Gl\u00e4ser zur\u00fcckgeben m\u00f6chten.<\/strong><br>GlassFORever-Produkte k\u00f6nnen bei Ihrer \u00f6rtlichen Recyclingstelle in der Kunststoffsortierung abgegeben werden. Von dort aus werden die Produkte ebenfalls zu neuen Produkten recycelt.<\/p>\n\n\n\n<p>Vielen Dank, dass Sie sich um die Umwelt k\u00fcmmern.<\/p>\n\n\n\n<p><\/p>\n\n\n\n<div style=\"height:100px\" aria-hidden=\"true\" class=\"wp-block-spacer\"><\/div>\n\n\n\n<p><\/p>","protected":false},"excerpt":{"rendered":"<p>glassFORever RECYCLING SYSTEM Forever glass When you&#8217;ve been using your glassFORever products for years and they&#8217;ve become too worn, they shouldn&#8217;t go in the trash. Instead,<span class=\"excerpt-hellip\"> [\u2026]<\/span><\/p>","protected":false},"author":1,"featured_media":0,"parent":0,"menu_order":0,"comment_status":"closed","ping_status":"closed","template":"","meta":{"footnotes":""},"class_list":["post-1270","page","type-page","status-publish","hentry"],"_links":{"self":[{"href":"https:\/\/glassforever.com\/de\/wp-json\/wp\/v2\/pages\/1270","targetHints":{"allow":["GET"]}}],"collection":[{"href":"https:\/\/glassforever.com\/de\/wp-json\/wp\/v2\/pages"}],"about":[{"href":"https:\/\/glassforever.com\/de\/wp-json\/wp\/v2\/types\/page"}],"author":[{"embeddable":true,"href":"https:\/\/glassforever.com\/de\/wp-json\/wp\/v2\/users\/1"}],"replies":[{"embeddable":true,"href":"https:\/\/glassforever.com\/de\/wp-json\/wp\/v2\/comments?post=1270"}],"version-history":[{"count":5,"href":"https:\/\/glassforever.com\/de\/wp-json\/wp\/v2\/pages\/1270\/revisions"}],"predecessor-version":[{"id":1277,"href":"https:\/\/glassforever.com\/de\/wp-json\/wp\/v2\/pages\/1270\/revisions\/1277"}],"wp:attachment":[{"href":"https:\/\/glassforever.com\/de\/wp-json\/wp\/v2\/media?parent=1270"}],"curies":[{"name":"wp","href":"https:\/\/api.w.org\/{rel}","templated":true}]}}